{"id":709,"date":"2025-01-10T13:14:33","date_gmt":"2025-01-10T13:14:33","guid":{"rendered":"https:\/\/value-markets.com\/platform\/"},"modified":"2025-09-01T10:46:16","modified_gmt":"2025-09-01T10:46:16","slug":"platform","status":"publish","type":"page","link":"https:\/\/valero-markets.com\/es\/platform\/","title":{"rendered":"Plataforma"},"content":{"rendered":"<div class=\"inner-page-wrap forex-page platform-page\">\r\n\r\n    <div class=\"container\">\r\n\t<div class=\"text-center\">\r\n\t\t<h3>Plataforma de Trading AlgotronAI: Revolucionando el Trading Moderno<\/h3>\r\n\t\t <p>Bienvenido a AlgotronAI, la plataforma de trading de nueva generaci\u00f3n que combina inteligencia artificial avanzada con un dise\u00f1o intuitivo para redefinir tu experiencia de trading. Creada para empoderar a traders de todos los niveles, AlgotronAI integra algoritmos de vanguardia, an\u00e1lisis en tiempo real y estrategias automatizadas para ayudarte a mantenerte a la vanguardia en mercados din\u00e1micos.<\/p>\r\n\t\t <p>Con AlgotronAI, obtienes acceso a:<\/p>\r\n\t<\/div>\r\n\t<div class=\"row platform-page-top\">\r\n\t\t<div class=\"col-lg-6\">\r\n\t\t\t<div class=\"box\">\r\n\t\t\t\t<p><span>Informaci\u00f3n impulsada por IA:<\/span> Aprovecha el poder del aprendizaje autom\u00e1tico para identificar tendencias del mercado y optimizar las decisiones de trading.<\/p>\r\n\t\t\t<\/div>\r\n\t\t<\/div>\r\n\t\t<div class=\"col-lg-6\">\r\n\t\t\t<div class=\"box\">\r\n\t\t\t\t<p><span>Automatizaci\u00f3n personalizable:<\/span> Crea y despliega estrategias de trading a medida sin necesidad de conocimientos avanzados de programaci\u00f3n.<\/p>\r\n\t\t\t<\/div>\r\n\t\t<\/div>\r\n\t\t<div class=\"col-lg-6\">\r\n\t\t\t<div class=\"box\">\r\n\t\t\t\t<p><span>Ejecuci\u00f3n ultrarr\u00e1pida:<\/span> Opera con confianza en una plataforma dise\u00f1ada para la velocidad y la fiabilidad.<\/p>\r\n\t\t\t<\/div>\r\n\t\t<\/div>\r\n\t\t<div class=\"col-lg-6\">\r\n\t\t\t<div class=\"box\">\r\n\t\t\t\t<p><span>Acceso integral al mercado:<\/span> Con\u00e9ctate sin interrupciones a los mercados de divisas, criptomonedas, acciones y materias primas a trav\u00e9s de una \u00fanica interfaz unificada.<\/p>\r\n\t\t\t<\/div>\r\n\t\t<\/div>\r\n\t<\/div>\r\n\t<div class=\"text-center pt-5 pb-5\">\r\n\t\t<p>Tanto si eres un trader experimentado como si acabas de empezar, AlgotronAI te ofrece las herramientas que necesitas para tomar decisiones de trading m\u00e1s inteligentes, r\u00e1pidas y con mayor informaci\u00f3n. Da el salto al futuro del trading con AlgotronAI, donde la innovaci\u00f3n se encuentra con la oportunidad.<\/p>\r\n\t<\/div>\r\n\t<div class=\"row pb-5 platform-page-bottom\">\r\n\t\t<div class=\"col-lg-4 mbil-3\">\r\n\t\t\t<div class=\"box\">\r\n\t\t\t\t<a href=\"\" class=\"common-btn\">Iniciar Web Trader<\/a>\r\n\t\t\t\t<img decoding=\"async\" class=\"img-fluid\" src=\"\/wp-content\/themes\/website-theme\/images\/plat-img-01.webp\" alt=\"\"> \r\n\t\t\t<\/div>\r\n\t\t<\/div>\r\n\t\t<div class=\"col-lg-4 mbil-3\">\r\n\t\t\t<div class=\"box\">\r\n\t\t\t\t<a href=\"\" class=\"common-btn\">Iniciar en Android<\/a>\r\n\t\t\t\t<img decoding=\"async\" class=\"img-fluid\" src=\"\/wp-content\/themes\/website-theme\/images\/plat-img-02.webp\" alt=\"\"> \r\n\t\t\t<\/div>\r\n\t\t<\/div>\r\n\t\t<div class=\"col-lg-4 mbil-3\">\r\n\t\t\t<div class=\"box\">\r\n\t\t\t\t<a href=\"\" class=\"common-btn\">Iniciar en Apple<\/a>\r\n\t\t\t\t<img decoding=\"async\" class=\"img-fluid\" src=\"\/wp-content\/themes\/website-theme\/images\/plat-img-03.webp\" alt=\"\"> \r\n\t\t\t<\/div>\r\n\t\t<\/div>\r\n\t<\/div>\r\n    <\/div>\r\n<\/div>\r\n","protected":false},"excerpt":{"rendered":"Plataforma de Trading AlgotronAI: Revolucionando el Trading Moderno Bienvenido a AlgotronAI, la plataforma de trading de nueva generaci\u00f3n que combina inteligencia artificial avanzada con un dise\u00f1o intuitivo para redefinir tu experiencia de trading. Creada para empoderar a traders de todos los niveles, AlgotronAI integra algoritmos de vanguardia, an\u00e1lisis en tiempo real y estrategias automatizadas para &hellip;","protected":false},"author":1,"featured_media":0,"parent":0,"menu_order":0,"comment_status":"closed","ping_status":"closed","template":"fullwidth-page.php","meta":{"footnotes":""},"class_list":["post-709","page","type-page","status-publish","hentry"],"_links":{"self":[{"href":"https:\/\/valero-markets.com\/es\/wp-json\/wp\/v2\/pages\/709","targetHints":{"allow":["GET"]}}],"collection":[{"href":"https:\/\/valero-markets.com\/es\/wp-json\/wp\/v2\/pages"}],"about":[{"href":"https:\/\/valero-markets.com\/es\/wp-json\/wp\/v2\/types\/page"}],"author":[{"embeddable":true,"href":"https:\/\/valero-markets.com\/es\/wp-json\/wp\/v2\/users\/1"}],"replies":[{"embeddable":true,"href":"https:\/\/valero-markets.com\/es\/wp-json\/wp\/v2\/comments?post=709"}],"version-history":[{"count":2,"href":"https:\/\/valero-markets.com\/es\/wp-json\/wp\/v2\/pages\/709\/revisions"}],"predecessor-version":[{"id":763,"href":"https:\/\/valero-markets.com\/es\/wp-json\/wp\/v2\/pages\/709\/revisions\/763"}],"wp:attachment":[{"href":"https:\/\/valero-markets.com\/es\/wp-json\/wp\/v2\/media?parent=709"}],"curies":[{"name":"wp","href":"https:\/\/api.w.org\/{rel}","templated":true}]}}