{"id":706,"date":"2024-09-27T13:51:15","date_gmt":"2024-09-27T13:51:15","guid":{"rendered":"https:\/\/value-markets.com\/legal\/"},"modified":"2025-09-01T10:45:30","modified_gmt":"2025-09-01T10:45:30","slug":"legal","status":"publish","type":"page","link":"https:\/\/valero-markets.com\/es\/legal\/","title":{"rendered":"Legal"},"content":{"rendered":"<div class=\"inner-page-wrap legal-page extra-space\">\r\n   <div class=\"container\">\r\n      <div class=\"row\">\r\n \t        <div class=\"col-lg-4\">\r\n                <div class=\"legal-box\">\r\n                  <h3>Pol\u00edtica de uso aceptable<\/h3>\r\n\t\t          <a href=\"\/wp-content\/themes\/website-theme\/images\/pdf\/Acceptable-use-policy.pdf\">Haz clic aqu\u00ed<\/a>\r\n\t\t\t\t<\/div>\t\t\t\t  \r\n\t\t\t<\/div>\r\n\t\t\t <div class=\"col-lg-4\">\r\n                <div class=\"legal-box\">\r\n                  <h3>T\u00e9rminos y condiciones<\/h3>\r\n\t\t\t\t  <a href=\"\/wp-content\/themes\/website-theme\/images\/pdf\/Terms-and-Conditions.pdf\">Haz clic aqu\u00ed<\/a>\r\n\t\t\t\t<\/div>\t\t\t\t  \r\n\t\t\t<\/div>\r\n\t\t\t <div class=\"col-lg-4\">\r\n                <div class=\"legal-box\">\r\n                  <h3>Divulgaci\u00f3n de riesgos<\/h3>\r\n\t\t\t\t  <a href=\"\/wp-content\/themes\/website-theme\/images\/pdf\/Risk-Disclosure-Policy.pdf\">Haz clic aqu\u00ed<\/a> \r\n\t\t\t  \t<\/div>\t\t\t\t  \r\n\t\t\t <\/div>\r\n\t\t\t <div class=\"col-lg-4\">\r\n                <div class=\"legal-box\">\r\n                   <h3>Pol\u00edtica de privacidad<\/h3>\r\n\t\t\t\t   <a href=\"\/wp-content\/themes\/website-theme\/images\/pdf\/Privacy-Policy.pdf\">Haz clic aqu\u00ed<\/a>\r\n\t\t\t\t<\/div>\t\t\t\t  \r\n\t\t\t<\/div>\r\n\t\t\t <div class=\"col-lg-4\">\r\n                <div class=\"legal-box\">\r\n                   <h3>Pol\u00edtica de reembolso y devoluciones<\/h3>\r\n\t\t\t\t   <a href=\"\/wp-content\/themes\/website-theme\/images\/pdf\/Refund-Return-Policy.pdf\">Haz clic aqu\u00ed<\/a>\r\n\t\t\t\t<\/div>\t\t\t\t  \r\n\t\t\t<\/div>\r\n\t\t\t <div class=\"col-lg-4\">\r\n                <div class=\"legal-box\">\r\n                  <h3>Pol\u00edtica de Conozca a su Cliente (KYC)<\/h3>\r\n\t\t\t\t  <a href=\"\/wp-content\/themes\/website-theme\/images\/pdf\/KYC-Policy.pdf\">Haz clic aqu\u00ed<\/a>\r\n\t\t\t\t<\/div>\t\t\t\t  \r\n\t\t\t <\/div>\r\n\t  <\/div>\r\n   <\/div>\r\n<\/div>\r\n","protected":false},"excerpt":{"rendered":"Pol\u00edtica de uso aceptable Haz clic aqu\u00ed T\u00e9rminos y condiciones Haz clic aqu\u00ed Divulgaci\u00f3n de riesgos Haz clic aqu\u00ed Pol\u00edtica de privacidad Haz clic aqu\u00ed Pol\u00edtica de reembolso y devoluciones Haz clic aqu\u00ed Pol\u00edtica de Conozca a su Cliente (KYC) Haz clic aqu\u00ed","protected":false},"author":1,"featured_media":0,"parent":0,"menu_order":0,"comment_status":"closed","ping_status":"closed","template":"fullwidth-page.php","meta":{"footnotes":""},"class_list":["post-706","page","type-page","status-publish","hentry"],"_links":{"self":[{"href":"https:\/\/valero-markets.com\/es\/wp-json\/wp\/v2\/pages\/706","targetHints":{"allow":["GET"]}}],"collection":[{"href":"https:\/\/valero-markets.com\/es\/wp-json\/wp\/v2\/pages"}],"about":[{"href":"https:\/\/valero-markets.com\/es\/wp-json\/wp\/v2\/types\/page"}],"author":[{"embeddable":true,"href":"https:\/\/valero-markets.com\/es\/wp-json\/wp\/v2\/users\/1"}],"replies":[{"embeddable":true,"href":"https:\/\/valero-markets.com\/es\/wp-json\/wp\/v2\/comments?post=706"}],"version-history":[{"count":2,"href":"https:\/\/valero-markets.com\/es\/wp-json\/wp\/v2\/pages\/706\/revisions"}],"predecessor-version":[{"id":762,"href":"https:\/\/valero-markets.com\/es\/wp-json\/wp\/v2\/pages\/706\/revisions\/762"}],"wp:attachment":[{"href":"https:\/\/valero-markets.com\/es\/wp-json\/wp\/v2\/media?parent=706"}],"curies":[{"name":"wp","href":"https:\/\/api.w.org\/{rel}","templated":true}]}}