{"id":703,"date":"2024-09-29T15:16:35","date_gmt":"2024-09-29T15:16:35","guid":{"rendered":"https:\/\/value-markets.com\/indices\/"},"modified":"2025-09-01T10:44:46","modified_gmt":"2025-09-01T10:44:46","slug":"indices","status":"publish","type":"page","link":"https:\/\/valero-markets.com\/es\/indices\/","title":{"rendered":"\u00cdndices"},"content":{"rendered":"<div class=\"inner-page-wrap indices-page\">\r\n\r\n<div class=\"in-top\">\r\n   <div class=\"container\">\r\n      <div class=\"row\">\r\n\t   <div class=\"col-lg-12\">\r\n\t      <h2>Principales beneficios de operar con \u00edndices<\/h2>\r\n\t   <\/div>\r\n\t   <div class=\"clearfix\"><\/div>\r\n\t   <div class=\"col-lg-4\">\r\n\t    <div class=\"in-box\"> \r\n\t      <span class=\"icon in01\"><\/span>\r\n\t      <h3>Diversificaci\u00f3n y gesti\u00f3n del riesgo<\/h3>\r\n\t      <p>Una de las principales ventajas de operar con \u00edndices es la diversificaci\u00f3n inherente que ofrecen. En lugar de depender del rendimiento de una sola empresa, operas con una cesta de acciones.<\/p>\r\n\t    <\/div>\r\n\t   <\/div>\r\n\t   <div class=\"col-lg-4\">\r\n\t    <div class=\"in-box\"> \r\n\t      <span class=\"icon in02\"><\/span>\r\n\t      <h3>Exposici\u00f3n amplia al mercado<\/h3>\r\n\t      <p>Operar con \u00edndices te permite obtener exposici\u00f3n a un mercado completo o a un sector espec\u00edfico, lo que te permite aprovechar las tendencias econ\u00f3micas sin necesidad de elegir acciones individuales.<\/p>\r\n\t    <\/div>\r\n\t   <\/div>\r\n\t   <div class=\"col-lg-4\">\r\n\t    <div class=\"in-box\"> \r\n\t\t  <span class=\"icon in03\"><\/span>\r\n\t      <h3>Apalancamiento y liquidez<\/h3>\r\n\t\t  <p>El trading con \u00edndices ofrece acceso al apalancamiento, lo que permite a los traders controlar posiciones m\u00e1s grandes con una menor cantidad de capital. Esto amplifica las ganancias potenciales, pero tambi\u00e9n incrementa el riesgo.<\/p>\r\n\t    <\/div>\r\n\t   <\/div>\r\n\t  <\/div>\r\n  <\/div>\r\n<\/div>\r\n\r\n<div class=\"clearfix\"><\/div>\r\n    \r\n<div class=\"in-middle\">\r\n  <div class=\"container\">\r\n     <div class=\"row\">\r\n\t   <div class=\"col-lg-7\">\r\n\t     <h2>C\u00f3mo empezar a operar con \u00edndices<\/h2>\r\n\t\t <p>Para comenzar a operar con \u00edndices, es necesario tener un buen entendimiento de los mercados y acceso a las herramientas adecuadas. Primero, debes seleccionar un br\u00f3ker o plataforma de trading que proporcione acceso a una variedad de \u00edndices globales. Es esencial asegurarse de que la plataforma ofrezca datos en tiempo real, herramientas de gr\u00e1ficos confiables y la capacidad de utilizar el apalancamiento de manera efectiva. Despu\u00e9s de abrir una cuenta, familiar\u00edzate con los \u00edndices m\u00e1s populares, como el S&amp;P 500, el FTSE 100 y el DAX 30. Estos \u00edndices representan los principales mercados y sectores globales, proporcionando una visi\u00f3n general de los movimientos econ\u00f3micos. Comprender los factores que influyen en los \u00edndices, como los informes de ganancias corporativas, los indicadores econ\u00f3micos y los eventos geopol\u00edticos, es crucial para tomar decisiones de trading informadas. Los principiantes pueden beneficiarse de cuentas demo para practicar estrategias sin arriesgar capital real.<\/p>\r\n\t   <\/div>\r\n\t   <div class=\"col-lg-5\">\r\n\t     <img decoding=\"async\" class=\"img-fluid\" src=\"\/wp-content\/themes\/website-theme\/images\/ind-img-01.webp\" alt=\"\"> \r\n\t   <\/div>\r\n\t<\/div>\r\n  <\/div>\r\n<\/div>\r\n\r\n <div class=\"in-bottom\">\r\n  <div class=\"container\">\r\n\t<div class=\"row\">\r\n\t<div class=\"col-lg-5\">\r\n\t     <img decoding=\"async\" class=\"img-fluid\" src=\"\/wp-content\/themes\/website-theme\/images\/ind-img-02.webp\" alt=\"\"> \r\n\t<\/div>\r\n\t<div class=\"col-lg-7\">\r\n        <h2>Construyendo una estrategia s\u00f3lida de trading con \u00edndices<\/h2>\r\n\t\t<p>Una estrategia s\u00f3lida es esencial para tener \u00e9xito en el trading con \u00edndices. Uno de los enfoques m\u00e1s utilizados es el trading de tendencias, donde los traders siguen la direcci\u00f3n general del mercado durante un per\u00edodo prolongado, aprovechando a menudo los fuertes movimientos al alza o a la baja. El trading en rango, por otro lado, implica identificar niveles de precios espec\u00edficos entre los cuales oscila un \u00edndice, lo que permite a los traders comprar barato y vender caro a medida que el precio fluct\u00faa dentro de un rango definido. Otro aspecto fundamental es la gesti\u00f3n del riesgo, donde los traders implementan herramientas como \u00f3rdenes de stop-loss para proteger sus inversiones. Una estrategia bien diversificada generalmente incluye distribuir las inversiones en varios \u00edndices o sectores para reducir la exposici\u00f3n al riesgo. Al revisar y ajustar continuamente tu estrategia en funci\u00f3n de las condiciones del mercado, los traders pueden mejorar su \u00e9xito a largo plazo en el mercado de \u00edndices. Comprender la din\u00e1mica del mercado, implementar estrategias disciplinadas y gestionar el riesgo de manera efectiva son esenciales para lograr un rendimiento de trading m\u00e1s consistente y sostenible.<\/p>\r\n\t<\/div>\r\n\t<\/div>\r\n  <\/div>\r\n<\/div>\r\n<\/div>\r\n","protected":false},"excerpt":{"rendered":"Principales beneficios de operar con \u00edndices Diversificaci\u00f3n y gesti\u00f3n del riesgo Una de las principales ventajas de operar con \u00edndices es la diversificaci\u00f3n inherente que ofrecen. En lugar de depender del rendimiento de una sola empresa, operas con una cesta de acciones. Exposici\u00f3n amplia al mercado Operar con \u00edndices te permite obtener exposici\u00f3n a un &hellip;","protected":false},"author":1,"featured_media":0,"parent":0,"menu_order":0,"comment_status":"closed","ping_status":"closed","template":"fullwidth-page.php","meta":{"footnotes":""},"class_list":["post-703","page","type-page","status-publish","hentry"],"_links":{"self":[{"href":"https:\/\/valero-markets.com\/es\/wp-json\/wp\/v2\/pages\/703","targetHints":{"allow":["GET"]}}],"collection":[{"href":"https:\/\/valero-markets.com\/es\/wp-json\/wp\/v2\/pages"}],"about":[{"href":"https:\/\/valero-markets.com\/es\/wp-json\/wp\/v2\/types\/page"}],"author":[{"embeddable":true,"href":"https:\/\/valero-markets.com\/es\/wp-json\/wp\/v2\/users\/1"}],"replies":[{"embeddable":true,"href":"https:\/\/valero-markets.com\/es\/wp-json\/wp\/v2\/comments?post=703"}],"version-history":[{"count":2,"href":"https:\/\/valero-markets.com\/es\/wp-json\/wp\/v2\/pages\/703\/revisions"}],"predecessor-version":[{"id":761,"href":"https:\/\/valero-markets.com\/es\/wp-json\/wp\/v2\/pages\/703\/revisions\/761"}],"wp:attachment":[{"href":"https:\/\/valero-markets.com\/es\/wp-json\/wp\/v2\/media?parent=703"}],"curies":[{"name":"wp","href":"https:\/\/api.w.org\/{rel}","templated":true}]}}