{"id":700,"date":"2024-09-24T12:33:44","date_gmt":"2024-09-24T12:33:44","guid":{"rendered":"https:\/\/value-markets.com\/home\/"},"modified":"2025-12-15T10:01:31","modified_gmt":"2025-12-15T10:01:31","slug":"home","status":"publish","type":"page","link":"https:\/\/valero-markets.com\/es\/","title":{"rendered":"Home"},"content":{"rendered":"<div class=\"grey-bg clearfix\">\r\n<div class=\"home-banner\">\r\n   <div class=\"content_block\" id=\"custom_post_widget-337\"><div id=\"carousel-example-generic\" class=\"carousel slide\" data-ride=\"carousel\">\r\n\t <div class=\"carousel-inner\">\r\n\t\t<div class=\"item active\">\r\n\t\t  <div class=\"carousel-caption\">\r\n\t\t\t <div class=\"container\">\r\n\t\t\t   <div class=\"hps-content clearfix\">\r\n\t\t\t   <div class=\"row\">\r\n\t\t\t\t  <div class=\"col-xl-7 col-lg-12\">\r\n\t\t\t\t\t   <div class=\"slider-left clearfix\">\r\n\t\t\t\t\t\t\t<h2><span>Valero-Markets:<\/span> Redefiniendo el Comercio de Materias Primas con Precisi\u00f3n e Innovaci\u00f3n<\/h2>\r\n\t\t\t\t\t\t\t<h4>Herramientas Avanzadas e Informaci\u00f3n en Tiempo Real para Maximizar el \u00c9xito en el Comercio de Materias Primas<\/h4>\r\n\t\t\t\t\t\t\t<p>En Valero-Markets, el comercio de materias primas alcanza un nuevo nivel de sofisticaci\u00f3n. Nuestra plataforma ofrece acceso a una amplia gama de materias primas globales, desde energ\u00eda y metales hasta productos agr\u00edcolas, lo que permite a los traders diversificar sus carteras y cubrirse frente a la volatilidad del mercado.<\/p>\r\n\t\t\t\t\t\t\t<a href=\"https:\/\/clientzone.valero-markets.com\/es\/real\" class=\"common-btn\">Abrir una Cuenta <span><\/span><\/a>\r\n\t\t\t\t\t   <\/div>\r\n\t\t\t\t   <\/div>\r\n\t\t\t\t   <div class=\"col-xl-5 col-lg-12\">\r\n\t\t\t\t      <div class=\"slider-right clearfix\">\r\n\t\t\t\t         <img decoding=\"async\" class=\"img-fluid\" src=\"\/wp-content\/themes\/website-theme\/images\/banner-img.webp\" alt=\"\"> \r\n\t\t\t\t\t  <\/div>\r\n\t\t\t\t  <\/div>\r\n\t\t\t   <\/div>\r\n\t\t\t  <\/div>\r\n\t\t\t <\/div>\r\n\t\t  <\/div>\r\n\t\t<\/div>\r\n\t<\/div>\r\n <\/div><\/div>\r\n<\/div>\r\n\r\n<div class=\"section section-two\">\r\n   <div class=\"container\">\r\n      <div class=\"row\">\r\n\t    <div class=\"col-lg-12 wow fadeInUp text-center\">\r\n\t\t   <h2 class=\"section-heading\">Acerca de Valero-Markets<\/h2>\r\n\t\t   <h2>Un Socio Confiable en la Excelencia del Comercio Global<\/h2>\r\n\t\t<\/div>\r\n\t <\/div> \r\n\t <div class=\"row\">\r\n\t\t   <div class=\"col-lg-4 wow fadeInUp\">\r\n\t\t\t    <div class=\"s2-box\">\r\n\t\t\t        <img decoding=\"async\" class=\"img-fluid\" src=\"\/wp-content\/themes\/website-theme\/images\/sec02-01-img.webp\" alt=\"\">\r\n\t\t\t        <h3>Soluciones de Comercio Innovadoras<\/h3>\r\n\t\t\t\t    <p>Valero-Markets ofrece un conjunto de herramientas y tecnolog\u00edas innovadoras dise\u00f1adas para mejorar la experiencia de trading. Desde an\u00e1lisis en tiempo real hasta plataformas de trading personalizables, garantizamos que los traders tengan acceso a las \u00faltimas innovaciones del mercado, ayud\u00e1ndolos a mantenerse un paso adelante de la competencia.<\/p>\r\n\t\t\t   <\/div>\r\n\t\t\t<\/div>\r\n\t\t\t\r\n\t\t\t<div class=\"col-lg-4 wow fadeInUp\">\r\n\t\t\t   <div class=\"s2-box middle\">\r\n\t\t\t        <img decoding=\"async\" class=\"img-fluid\" src=\"\/wp-content\/themes\/website-theme\/images\/sec02-02-img.webp\" alt=\"\">\r\n\t\t\t        <h3>Acceso Integral al Mercado<\/h3>\r\n\t\t\t\t    <p>Ofrecemos a nuestros clientes acceso a una amplia gama de mercados, incluyendo forex, materias primas, \u00edndices y criptomonedas. Con Valero-Markets, los traders pueden diversificar sus carteras y aprovechar f\u00e1cilmente las oportunidades en los mercados globales.<\/p>\r\n\t\t\t   <\/div>\r\n\t\t\t<\/div>\r\n\t\t\t \r\n\t\t\t<div class=\"col-lg-4 wow fadeInUp\">\r\n\t\t\t   <div class=\"s2-box last\">\r\n\t\t\t       <img decoding=\"async\" class=\"img-fluid\" src=\"\/wp-content\/themes\/website-theme\/images\/sec02-03-img.webp\" alt=\"\">\r\n\t\t\t       <h3>Trading Seguro y Transparente<\/h3>\r\n\t\t\t\t   <p>La seguridad y la transparencia est\u00e1n en el n\u00facleo de las operaciones de Valero-Markets. Utilizamos protocolos avanzados de encriptaci\u00f3n y seguimos estrictos est\u00e1ndares regulatorios para garantizar que los fondos y datos de nuestros clientes est\u00e9n siempre protegidos, permiti\u00e9ndote operar con confianza.<\/p>\r\n\t\t\t     <\/div>\r\n\t\t\t<\/div>\r\n\t  <\/div>\r\n   <\/div>\r\n<\/div>\r\n\r\n<div class=\"section product-section\">\r\n     <div class=\"container\">\r\n\t    <div class=\"product-sec-bg\"> \r\n\t    <div class=\"row\">\r\n\t       <div class=\"col-lg-12\">\r\n\t\t   <h2><span style=\"color: #FFD700; font-weight: bold;\">Valero-Markets <\/span> Productos de Trading<br> Tu Puerta de Entrada a los Mercados Globales<\/h2>\r\n\t\t<\/div>\r\n             \r\n             <div class=\"col-lg-12\">\r\n\t\t <div class=\"product-card-wrap clearfix\">\r\n            <!-- Forex Card -->\r\n            <div class=\"product-card\">\r\n                <img decoding=\"async\" src=\"\/wp-content\/themes\/website-theme\/images\/sec03-01.webp\" alt=\"Mercado Forex\"\/>\r\n                <div class=\"hover-bg\"><\/div>\r\n                <div class=\"hover-content\">\r\n                    <h5>Forex<\/h5>\r\n                    <p>El mercado forex es el mercado financiero m\u00e1s grande y l\u00edquido del mundo, y en Valero-Markets ofrecemos acceso a m\u00e1s de 60 pares de divisas, incluyendo pares principales, secundarios y ex\u00f3ticos.<\/p>\r\n                    <a href=\"\/forex\/\" class=\"btn-read-more\">Leer M\u00e1s \u2192<\/a>\r\n                <\/div>\r\n            <\/div>\r\n\r\n            <!-- Indices Card (Initially open) -->\r\n            <div class=\"product-card\">\r\n                <img decoding=\"async\" src=\"\/wp-content\/themes\/website-theme\/images\/sec03-02.webp\" alt=\"Mercado de \u00cdndices\"\/>\r\n                <div class=\"hover-bg\"><\/div>\r\n                <div class=\"hover-content\">\r\n                    <h5>\u00cdndices<\/h5>\r\n                    <p>Operar \u00edndices con Valero-Markets te permite especular sobre el rendimiento de los principales mercados burs\u00e1tiles globales como el S&#038;P.<\/p>\r\n                    <a href=\"\/indices\/\" class=\"btn-read-more\">Leer M\u00e1s \u2192<\/a>\r\n                <\/div>\r\n            <\/div>\r\n\r\n            <!-- Commodities Card -->\r\n            <div class=\"product-card\">\r\n                <img decoding=\"async\" src=\"\/wp-content\/themes\/website-theme\/images\/sec03-03.webp\" alt=\"Mercado de Acciones\"\/>\r\n                <div class=\"hover-bg\"><\/div>\r\n                <div class=\"hover-content\">\r\n                    <h5>Acciones<\/h5>\r\n                    <p>Tanto para ganancias a corto plazo como para inversiones a largo plazo, Valero-Markets proporciona las herramientas y an\u00e1lisis necesarios para un trading de acciones informado.<\/p>\r\n                    <a href=\"\/stock\/\" class=\"btn-read-more\">Leer M\u00e1s \u2192<\/a>\r\n                <\/div>\r\n            <\/div>\r\n\r\n            <!-- Commodities Card -->\r\n            <div class=\"product-card\">\r\n                <img decoding=\"async\" src=\"\/wp-content\/themes\/website-theme\/images\/sec03-04.webp\" alt=\"Mercado de Materias Primas\"\/>\r\n                <div class=\"hover-bg\"><\/div>\r\n                <div class=\"hover-content\">\r\n                    <h5>Materias Primas<\/h5>\r\n                    <p>Nuestras soluciones de trading en materias primas ofrecen la oportunidad de protegerse contra la inflaci\u00f3n, diversificar tu cartera y capitalizar las din\u00e1micas globales de oferta y demanda.<\/p>\r\n                    <a href=\"\/commodities\/\" class=\"btn-read-more\">Leer M\u00e1s \u2192<\/a>\r\n                <\/div>\r\n            <\/div>\r\n\r\n           <\/div>\r\n          <\/div>\r\n        <\/div>\r\n        <\/div>\r\n    <\/div>\r\n<\/div>\r\n\r\n<div class=\"section section-four\">\r\n   <div class=\"container\">\r\n       <div class=\"row align-items-center\">\r\n\t    \r\n\t\t<div class=\"col-xl-5 col-lg-12 wow fadeInRight\">\r\n\t\t   <img decoding=\"async\" class=\"img-fluid\" src=\"\/wp-content\/themes\/website-theme\/images\/S04-img-en.webp\" alt=\"\">\r\n\t\t<\/div>\r\n\t\t\r\n\t\t<div class=\"col-xl-7 col-lg-12 wow fadeInLeft\">\r\n\t\t\t<div class=\"s3-top\">\r\n\t\t\t    <h2><span>Valero-Markets<\/span> Cuentas de Ahorro: Gesti\u00f3n de Patrimonio Segura e Inteligente<\/h2>\r\n\t\t \t    <p>Valero-Markets ofrece opciones flexibles de cuentas de ahorro dise\u00f1adas para hacer crecer tu patrimonio mientras garantizan seguridad y accesibilidad. Nuestras cuentas est\u00e1n dise\u00f1adas para ayudarte a alcanzar tus objetivos financieros con tasas de inter\u00e9s competitivas y una gesti\u00f3n segura de tus fondos.<\/p>\r\n\t\t    <\/div>\r\n\t\t\t<div class=\"s3-bottom\">\r\n\t\t\t  <div class=\"s3b-box\">\r\n\t\t\t     <img decoding=\"async\" class=\"img-fluid\" src=\"\/wp-content\/themes\/website-theme\/images\/sec03-01-img.webp\" alt=\"\">\r\n\t\t\t\t <h3>Tasas de Inter\u00e9s Competitivas<\/h3>\r\n\t\t\t\t <p>Maximiza tus ahorros con tasas de inter\u00e9s atractivas, asegurando un crecimiento constante mientras mantienes tus fondos seguros y accesibles cuando los necesites.<\/p>\r\n\t\t\t  <\/div>\r\n\t\t\t  <div class=\"s3b-box\">\r\n\t\t\t      <img decoding=\"async\" class=\"img-fluid\" src=\"\/wp-content\/themes\/website-theme\/images\/sec03-02-img.webp\" alt=\"\">\r\n\t\t\t\t <h3>Gesti\u00f3n F\u00e1cil de Fondos<\/h3>\r\n\t\t\t\t <p>Nuestra plataforma f\u00e1cil de usar te permite supervisar y gestionar tu cuenta de ahorro con total transparencia y control sobre tu trayectoria financiera.<\/p>\r\n\t\t\t  <\/div>\r\n\t\t\t<\/div>\r\n\t\t<\/div>\r\n\t\t\r\n   <\/div>\r\n<\/div>\r\n<\/div>\r\n\r\n<\/div>\r\n\r\n<div class=\"section section-six\">\r\n   <div class=\"container\">\r\n       <div class=\"s-six-top\">\r\n\t    <div class=\"row\">\r\n\t      <div class=\"col-lg-6 col-md-12 wow fadeInLeft\">\r\n\t        <div class=\"\">\t\r\n\t\t\t   <h2 class=\"black\"><span>Dep\u00f3sitos y Retiros<\/span><br> R\u00e1pido, Seguro y Conveniente<\/h2>\r\n\t\t\t<\/div>\r\n\t\t   <\/div>\r\n\t\t   <div class=\"col-lg-6 col-md-12 wow fadeInLeft\">\r\n\t\t\t   <p>En Valero-Markets, priorizamos la facilidad y la seguridad en la gesti\u00f3n de tus fondos. Nuestro proceso optimizado de dep\u00f3sito y retiro garantiza que puedas acceder y mover tu dinero r\u00e1pidamente siempre que lo necesites, con una variedad de opciones de pago confiables para tu conveniencia.<\/p>\r\n\t\t   <\/div>\r\n\t\t  <\/div>\r\n\t\t <\/div>\r\n\t\t<div class=\"s-six-middle\">\r\n\t      <div class=\"row\">\r\n\t\t    <div class=\"col-xl-12 col-lg-12 wow fadeInRight\">\r\n\t\t      <img decoding=\"async\" class=\"img-fluid\" src=\"\/wp-content\/themes\/website-theme\/images\/sec04-img.webp\" alt=\"\">\r\n\t\t    <\/div>\r\n\t\t  <\/div>\r\n\t\t <\/div>\r\n\t\t <div class=\"s-six-botto wow fadeInUp\">\r\n\t\t   <div class=\"row\">\r\n\t\t     <div class=\"col-xl-4 col-lg-12\">\r\n\t\t\t   <div class=\"ssb-box\">\r\n                 <h3>M\u00faltiples M\u00e9todos de Pago<\/h3>\r\n\t\t\t\t <p>Soportamos una variedad de opciones para dep\u00f3sito y retiro, incluyendo tarjetas de cr\u00e9dito, transferencias bancarias y billeteras electr\u00f3nicas, ofreciendo flexibilidad para gestionar tus fondos.<\/p>\r\n\t\t\t  <\/div>\r\n\t        <\/div>\r\n           <\/div>\r\n        <\/div>\t\r\n   <\/div>\t\r\n<\/div>\t\r\n\r\n<div class=\"section section-five\">\r\n   <div class=\"container\">\r\n       <div class=\"row\">  \r\n\t\t  <div class=\"col-xl-6 col-lg-12 wow fadeInLeft\">\r\n\t\t    <div class=\"sf-left\">\r\n\t\t\t   <h2 class=\"section-heading\"><span>Alianzas de Valero-Markets:<\/span><\/h2>\r\n\t\t\t   <h2>Impulsando el Crecimiento a Trav\u00e9s de la Colaboraci\u00f3n<\/h2>\r\n\t\t \t   <p>En Valero-Markets creemos que las alianzas s\u00f3lidas son la base del \u00e9xito mutuo. Colaborando con l\u00edderes de la industria, instituciones financieras y proveedores tecnol\u00f3gicos, ampliamos nuestro alcance y mejoramos los servicios que ofrecemos a nuestros clientes. Nuestros programas de asociaci\u00f3n est\u00e1n dise\u00f1ados para fomentar la innovaci\u00f3n, compartir experiencia y desbloquear nuevas oportunidades en el mundo del trading. Ya sea que seas afiliado, socio institucional o proveedor de servicios, Valero-Markets ofrece soluciones personalizadas para ayudarte a crecer tu negocio y brindar un valor inigualable a tus clientes.<\/p>\r\n\t\t   <\/div>\r\n\t\t <\/div>\r\n\t\t<div class=\"col-xl-6 col-lg-12 wow fadeInRight\">\r\n\t\t  <div class=\"sf-right\">\r\n\t\t     <img decoding=\"async\" class=\"img-fluid\" src=\"\/wp-content\/themes\/website-theme\/images\/sec05-img.webp\" alt=\"\">\r\n\t\t  <\/div>\r\n\t\t<\/div>\r\n      <\/div>\r\n  <\/div>\r\n<\/div>\r\n","protected":false},"excerpt":{"rendered":"Acerca de Valero-Markets Un Socio Confiable en la Excelencia del Comercio Global Soluciones de Comercio Innovadoras Valero-Markets ofrece un conjunto de herramientas y tecnolog\u00edas innovadoras dise\u00f1adas para mejorar la experiencia de trading. Desde an\u00e1lisis en tiempo real hasta plataformas de trading personalizables, garantizamos que los traders tengan acceso a las \u00faltimas innovaciones del mercado, ayud\u00e1ndolos &hellip;","protected":false},"author":1,"featured_media":0,"parent":0,"menu_order":0,"comment_status":"closed","ping_status":"closed","template":"homepage.php","meta":{"footnotes":""},"class_list":["post-700","page","type-page","status-publish","hentry"],"_links":{"self":[{"href":"https:\/\/valero-markets.com\/es\/wp-json\/wp\/v2\/pages\/700","targetHints":{"allow":["GET"]}}],"collection":[{"href":"https:\/\/valero-markets.com\/es\/wp-json\/wp\/v2\/pages"}],"about":[{"href":"https:\/\/valero-markets.com\/es\/wp-json\/wp\/v2\/types\/page"}],"author":[{"embeddable":true,"href":"https:\/\/valero-markets.com\/es\/wp-json\/wp\/v2\/users\/1"}],"replies":[{"embeddable":true,"href":"https:\/\/valero-markets.com\/es\/wp-json\/wp\/v2\/comments?post=700"}],"version-history":[{"count":9,"href":"https:\/\/valero-markets.com\/es\/wp-json\/wp\/v2\/pages\/700\/revisions"}],"predecessor-version":[{"id":832,"href":"https:\/\/valero-markets.com\/es\/wp-json\/wp\/v2\/pages\/700\/revisions\/832"}],"wp:attachment":[{"href":"https:\/\/valero-markets.com\/es\/wp-json\/wp\/v2\/media?parent=700"}],"curies":[{"name":"wp","href":"https:\/\/api.w.org\/{rel}","templated":true}]}}