{"id":697,"date":"2024-09-27T14:15:25","date_gmt":"2024-09-27T14:15:25","guid":{"rendered":"https:\/\/value-markets.com\/forex\/"},"modified":"2025-09-01T10:41:47","modified_gmt":"2025-09-01T10:41:47","slug":"forex","status":"publish","type":"page","link":"https:\/\/valero-markets.com\/es\/forex\/","title":{"rendered":"Forex"},"content":{"rendered":"<div class=\"inner-page-wrap forex-page\">\r\n\r\n    <div class=\"container\">\r\n     <div class=\"fx-top\">\r\n      <div class=\"row\">\r\n       <div class=\"col-lg-6\">\r\n         <h3>Explorando el mundo del trading en Forex<\/h3>\r\n         <p>El trading en Forex, o cambio de divisas, implica la compra y venta de monedas en un mercado global descentralizado. Como el mercado financiero m\u00e1s grande y l\u00edquido del mundo, presume de un impresionante volumen diario de operaciones de m\u00e1s de 6 billones de d\u00f3lares. Los traders participan en el trading de Forex por diversas razones, incluyendo cubrirse frente a riesgos cambiarios, especular sobre los movimientos del mercado y aprovechar los eventos econ\u00f3micos que influyen en el valor de las divisas. Al operar las 24 horas del d\u00eda, cinco d\u00edas a la semana, el mercado Forex ofrece a los traders la flexibilidad de responder a los cambios del mercado en cualquier momento.<\/p>\r\n       <\/div>\r\n       <div class=\"col-lg-6\">\r\n         <h3>Ventajas de participar en el trading de Forex<\/h3>\r\n         <p>Uno de los principales beneficios del trading en Forex es su alta liquidez, lo que permite transacciones r\u00e1pidas con un deslizamiento m\u00ednimo de precios. La operaci\u00f3n continua del mercado permite a los traders actuar sobre noticias en tiempo real y desarrollos econ\u00f3micos, asegurando que puedan aprovechar las oportunidades a medida que surjan. La disponibilidad de apalancamiento es otra caracter\u00edstica atractiva, ya que permite a los traders controlar posiciones m\u00e1s grandes con una inversi\u00f3n de capital relativamente peque\u00f1a. Adem\u00e1s, la amplia gama de pares de divisas disponibles ofrece amplias oportunidades para que los traders implementen diversas estrategias.<\/p>\r\n       <\/div>\r\n      <\/div>\r\n     <\/div>\r\n    <\/div>\r\n    \r\n    <div class=\"clearfix\"><\/div>\r\n    \r\n    <div class=\"fx-middle\">\r\n      <div class=\"container\">\r\n      <div class=\"row\">\r\n       <div class=\"col-lg-12\">\r\n          <img decoding=\"async\" class=\"img-fluid\" src=\"\/wp-content\/themes\/website-theme\/images\/fx-img-01.webp\" alt=\"\"> \r\n       <\/div>\r\n       <div class=\"col-lg-12\">\r\n          <h2>Consideraciones esenciales para los traders de Forex<\/h2>\r\n       <\/div>\r\n       <div class=\"clearfix\"><\/div>\r\n       <div class=\"col-lg-3\">\r\n        <div class=\"fx-box\"> \r\n          <h3>Accesibilidad al mercado<\/h3>\r\n          <p>El mercado Forex opera 24\/5, ofreciendo a los traders la flexibilidad de operar en cualquier momento.<\/p>\r\n        <\/div>\r\n       <\/div>\r\n       <div class=\"col-lg-3\">\r\n        <div class=\"fx-box\"> \r\n          <h3>Alta liquidez<\/h3>\r\n          <p>Un gran volumen de transacciones asegura una r\u00e1pida ejecuci\u00f3n de operaciones con un deslizamiento m\u00ednimo de precios.<\/p>\r\n        <\/div>\r\n       <\/div>\r\n       <div class=\"col-lg-3\">\r\n        <div class=\"fx-box\"> \r\n          <h3>Opciones de apalancamiento<\/h3>\r\n          <p>Los traders pueden aumentar su exposici\u00f3n a los movimientos del mercado mediante el apalancamiento, amplificando los posibles beneficios.<\/p>\r\n        <\/div>\r\n       <\/div>\r\n       <div class=\"col-lg-3\">\r\n        <div class=\"fx-box\"> \r\n          <h3>Variedad de pares de divisas<\/h3>\r\n          <p>Una amplia selecci\u00f3n de pares principales, menores y ex\u00f3ticos permite estrategias de trading diversificadas.<\/p>\r\n        <\/div>\r\n       <\/div>\r\n      <\/div>\r\n     <\/div>\r\n    <\/div>\r\n   \r\n    <div class=\"clearfix\"><\/div>\r\n   \r\n    <div class=\"fx-bottom\">\r\n     <div class=\"container\">\r\n      <div class=\"row\">\r\n        <div class=\"col-lg-6\">\r\n          <h2>Comprendiendo los tipos de \u00f3rdenes en Forex<\/h2>\r\n          <p>Una s\u00f3lida comprensi\u00f3n de los tipos de \u00f3rdenes es esencial para un trading efectivo en Forex. Los tipos de \u00f3rdenes m\u00e1s comunes incluyen las \u00f3rdenes de mercado y las \u00f3rdenes pendientes. Una orden de mercado ejecuta una transacci\u00f3n de compra o venta al precio actual del mercado, asegurando una ejecuci\u00f3n instant\u00e1nea. En contraste, una orden pendiente permite a los traders establecer un precio espec\u00edfico para la ejecuci\u00f3n de la operaci\u00f3n, asegurando que entren en posiciones en los niveles deseados. Esta flexibilidad ayuda a los traders a perfeccionar sus estrategias y puede influir significativamente en los resultados del trading.<\/p>\r\n        <\/div>\r\n        <div class=\"col-lg-6\">\r\n          <img decoding=\"async\" class=\"img-fluid\" src=\"\/wp-content\/themes\/website-theme\/images\/fx-img-02.webp\" alt=\"\"> \r\n        <\/div>\r\n        <div class=\"clearfix mt-4 mb-4\"><\/div>\r\n        <div class=\"col-lg-6\">\r\n          <img decoding=\"async\" class=\"img-fluid\" src=\"\/wp-content\/themes\/website-theme\/images\/fx-img-03.webp\" alt=\"\"> \r\n        <\/div>\r\n        <div class=\"col-lg-6\">\r\n          <h2>Implementando estrategias efectivas de gesti\u00f3n de riesgos<\/h2>\r\n          <p>El \u00e9xito en el trading de Forex depende de pr\u00e1cticas s\u00f3lidas de gesti\u00f3n de riesgos. Los traders deben desarrollar un plan integral de gesti\u00f3n de riesgos, incorporando \u00f3rdenes de stop-loss y take-profit para proteger su capital. Las \u00f3rdenes de stop-loss cierran autom\u00e1ticamente las posiciones en niveles predeterminados para mitigar p\u00e9rdidas, mientras que las \u00f3rdenes de take-profit aseguran ganancias una vez que se alcanzan precios espec\u00edficos. Mantener una relaci\u00f3n riesgo-recompensa favorable es crucial para evaluar los rendimientos potenciales en relaci\u00f3n con los riesgos asumidos. Al implementar estas estrategias, los traders pueden navegar en el mercado Forex con mayor confianza y mejorar sus resultados generales en el trading.<\/p>\r\n        <\/div>\r\n      <\/div>\r\n    <\/div>\r\n   <\/div>\r\n  \r\n<\/div>\r\n","protected":false},"excerpt":{"rendered":"Explorando el mundo del trading en Forex El trading en Forex, o cambio de divisas, implica la compra y venta de monedas en un mercado global descentralizado. Como el mercado financiero m\u00e1s grande y l\u00edquido del mundo, presume de un impresionante volumen diario de operaciones de m\u00e1s de 6 billones de d\u00f3lares. Los traders participan &hellip;","protected":false},"author":1,"featured_media":0,"parent":0,"menu_order":0,"comment_status":"closed","ping_status":"closed","template":"fullwidth-page.php","meta":{"footnotes":""},"class_list":["post-697","page","type-page","status-publish","hentry"],"_links":{"self":[{"href":"https:\/\/valero-markets.com\/es\/wp-json\/wp\/v2\/pages\/697","targetHints":{"allow":["GET"]}}],"collection":[{"href":"https:\/\/valero-markets.com\/es\/wp-json\/wp\/v2\/pages"}],"about":[{"href":"https:\/\/valero-markets.com\/es\/wp-json\/wp\/v2\/types\/page"}],"author":[{"embeddable":true,"href":"https:\/\/valero-markets.com\/es\/wp-json\/wp\/v2\/users\/1"}],"replies":[{"embeddable":true,"href":"https:\/\/valero-markets.com\/es\/wp-json\/wp\/v2\/comments?post=697"}],"version-history":[{"count":2,"href":"https:\/\/valero-markets.com\/es\/wp-json\/wp\/v2\/pages\/697\/revisions"}],"predecessor-version":[{"id":759,"href":"https:\/\/valero-markets.com\/es\/wp-json\/wp\/v2\/pages\/697\/revisions\/759"}],"wp:attachment":[{"href":"https:\/\/valero-markets.com\/es\/wp-json\/wp\/v2\/media?parent=697"}],"curies":[{"name":"wp","href":"https:\/\/api.w.org\/{rel}","templated":true}]}}