{"id":694,"date":"2024-09-27T09:20:35","date_gmt":"2024-09-27T09:20:35","guid":{"rendered":"https:\/\/value-markets.com\/faq\/"},"modified":"2025-09-01T10:33:45","modified_gmt":"2025-09-01T10:33:45","slug":"faq","status":"publish","type":"page","link":"https:\/\/valero-markets.com\/es\/faq\/","title":{"rendered":"Preguntas frecuentes"},"content":{"rendered":"<div class=\"inner-page-wrap faq-page\">\r\n  <div class=\"container\">\r\n    <div class=\"row\">\r\n     <div class=\"col-xl-12\">\r\n      <h3>Cont\u00e1ctanos<\/h3>\r\n      <h2>Env\u00edame un mensaje<\/h2>\r\n     <\/div>\r\n     \r\n     <div class=\"clearfix\"><\/div>\r\n\r\n     <div class=\"col-xl-5\">\r\n       <div class=\"img-wrap\">\r\n         <img decoding=\"async\" class=\"img-fluid\" src=\"\/wp-content\/themes\/website-theme\/images\/faq-img-01.webp\" alt=\"\">\r\n     <\/div>\r\n     <\/div>\r\n       <div class=\"col-xl-7\">\r\n         <div class=\"accordion\" id=\"accordionExample\">\r\n                   <div class=\"accordion-item\">\r\n                                <h2 class=\"accordion-header\" id=\"headingFour1\">\r\n                                    <button class=\"accordion-button show\" type=\"button\" data-bs-toggle=\"collapse\" data-bs-target=\"#collapseFour1\" aria-expanded=\"false\" aria-controls=\"collapseFour1\">\r\n                                        \u00bfC\u00f3mo empiezo a operar?\r\n                                    <\/button>\r\n                                <\/h2>\r\n                                <div id=\"collapseFour1\" class=\"accordion-collapse collapse show\" aria-labelledby=\"headingFour1\" data-bs-parent=\"#accordionExample\">\r\n                                    <div class=\"accordion-body\">\r\n                                        <p>Para comenzar a operar, primero necesitas abrir una cuenta en una plataforma de trading o con un br\u00f3ker. Despu\u00e9s de completar el proceso de registro, puedes depositar fondos en tu cuenta. Familiar\u00edzate con las herramientas y recursos disponibles en la plataforma y considera comenzar con una cuenta demo para practicar tus estrategias antes de operar con dinero real.<\/p>\r\n                                    <\/div>\r\n                                <\/div>\r\n                  <\/div>\r\n                  <div class=\"accordion-item\">\r\n                                <h2 class=\"accordion-header\" id=\"headingFour2\">\r\n                                    <button class=\"accordion-button collapsed\" type=\"button\" data-bs-toggle=\"collapse\" data-bs-target=\"#collapseFour2\" aria-expanded=\"false\" aria-controls=\"collapseFour2\">\r\n                                        \u00bfQu\u00e9 tipos de estrategias de trading existen?\r\n                                    <\/button>\r\n                                <\/h2>\r\n                                <div id=\"collapseFour2\" class=\"accordion-collapse collapse\" aria-labelledby=\"headingFour2\" data-bs-parent=\"#accordionExample\">\r\n                                    <div class=\"accordion-body\">\r\n                                        <p>Existen varias estrategias de trading, incluyendo el day trading, swing trading, scalping y trading de posici\u00f3n. El day trading implica realizar m\u00faltiples operaciones en un solo d\u00eda, mientras que el swing trading se centra en mantener posiciones durante varios d\u00edas o semanas. El scalping busca movimientos de precios peque\u00f1os, mientras que el trading de posici\u00f3n implica inversiones a largo plazo basadas en el an\u00e1lisis fundamental.<\/p>\r\n                                    <\/div>\r\n                                <\/div>\r\n                  <\/div>\r\n                  <div class=\"accordion-item\">\r\n                                <h2 class=\"accordion-header\" id=\"headingFour3\">\r\n                                    <button class=\"accordion-button collapsed\" type=\"button\" data-bs-toggle=\"collapse\" data-bs-target=\"#collapseFour3\" aria-expanded=\"false\" aria-controls=\"collapseFour3\">\r\n                                        \u00bfQu\u00e9 es el apalancamiento en el trading?\r\n                                    <\/button>\r\n                                <\/h2>\r\n                                <div id=\"collapseFour3\" class=\"accordion-collapse collapse\" aria-labelledby=\"headingFour3\" data-bs-parent=\"#accordionExample\">\r\n                                    <div class=\"accordion-body\">\r\n                                        <p>El apalancamiento permite a los traders controlar posiciones m\u00e1s grandes con una menor cantidad de capital. Por ejemplo, con un apalancamiento de 10:1, un trader puede controlar $10,000 en el mercado con solo $1,000. Aunque el apalancamiento puede amplificar las ganancias, tambi\u00e9n aumenta el riesgo de p\u00e9rdidas significativas, por lo que es esencial usarlo con prudencia.<\/p>\r\n                                    <\/div>\r\n                                <\/div>\r\n                  <\/div>\r\n                  <div class=\"accordion-item\">\r\n                          <h2 class=\"accordion-header\" id=\"headingFour4\">\r\n                          <button class=\"accordion-button collapsed\" type=\"button\" data-bs-toggle=\"collapse\" data-bs-target=\"#collapseFour4\" aria-expanded=\"false\" aria-controls=\"collapseFour4\">\r\n                              \u00bfCu\u00e1les son los riesgos asociados con el trading?\r\n                          <\/button>\r\n                          <\/h2>\r\n                      <div id=\"collapseFour4\" class=\"accordion-collapse collapse\" aria-labelledby=\"headingFour4\" data-bs-parent=\"#accordionExample\">\r\n                           <div class=\"accordion-body\">\r\n                               <p>El trading implica riesgos inherentes, incluidos el riesgo de mercado, el riesgo de liquidez y el riesgo operativo. Los precios pueden fluctuar r\u00e1pidamente, lo que puede generar p\u00e9rdidas potenciales. Es fundamental comprender estos riesgos e implementar estrategias de gesti\u00f3n de riesgos, como establecer \u00f3rdenes de stop-loss y diversificar tu portafolio.<\/p>\r\n                           <\/div>\r\n                      <\/div>\r\n                 <\/div>\r\n                  <div class=\"accordion-item\">\r\n                       <h2 class=\"accordion-header\" id=\"headingFive5\">\r\n                          <button class=\"accordion-button collapsed\" type=\"button\" data-bs-toggle=\"collapse\" data-bs-target=\"#collapseFive5\" aria-expanded=\"false\" aria-controls=\"collapseFive5\">\r\n                             \u00bfQu\u00e9 herramientas y recursos est\u00e1n disponibles para los traders?\r\n                         <\/button>\r\n                      <\/h2>\r\n                      <div id=\"collapseFive5\" class=\"accordion-collapse collapse\" aria-labelledby=\"headingFive5\" data-bs-parent=\"#accordionExample\">\r\n                         <div class=\"accordion-body\">\r\n                             <p>Los traders tienen acceso a diversas herramientas y recursos, incluidos programas de gr\u00e1ficos, indicadores de an\u00e1lisis t\u00e9cnico, calendarios econ\u00f3micos y plataformas de trading con datos en tiempo real. Muchos br\u00f3kers tambi\u00e9n ofrecen materiales educativos, seminarios web y an\u00e1lisis de mercado para ayudar a los traders a tomar decisiones informadas.<\/p>\r\n                         <\/div>\r\n                      <\/div>\r\n                 <\/div>\r\n        <\/div>          \r\n     <\/div>\r\n \r\n  <div class=\"clearfix\"><\/div>\r\n\r\n  <div class=\"col-xl-6\">\r\n      <div class=\"accordion\" id=\"accordionExample1\">\r\n                            <div class=\"accordion-item\">\r\n                                <h2 class=\"accordion-header\" id=\"headingFour5\">\r\n                                    <button class=\"accordion-button show\" type=\"button\" data-bs-toggle=\"collapse\" data-bs-target=\"#collapseFour5\" aria-expanded=\"false\" aria-controls=\"collapseFour5\">\r\n                                        \u00bfC\u00f3mo deposito fondos en mi cuenta de trading?\r\n                                    <\/button>\r\n                                <\/h2>\r\n                                <div id=\"collapseFour5\" class=\"accordion-collapse collapse show\" aria-labelledby=\"headingFour5\" data-bs-parent=\"#accordionExample1\">\r\n                                    <div class=\"accordion-body\">\r\n                                        <p>Para depositar fondos en tu cuenta de trading, inicia sesi\u00f3n y navega a la secci\u00f3n &#8220;Dep\u00f3sito&#8221;. Elige tu m\u00e9todo de pago preferido, como transferencia bancaria, tarjeta de cr\u00e9dito\/d\u00e9bito o monedero electr\u00f3nico. Ingresa el monto deseado y sigue las instrucciones para completar la transacci\u00f3n. La mayor\u00eda de los dep\u00f3sitos se procesan al instante, lo que te permite comenzar a operar de inmediato.<\/p>\r\n                                    <\/div>\r\n                                <\/div>\r\n                            <\/div>\r\n                            <div class=\"accordion-item\">\r\n                                <h2 class=\"accordion-header\" id=\"headingFour6\">\r\n                                    <button class=\"accordion-button collapsed\" type=\"button\" data-bs-toggle=\"collapse\" data-bs-target=\"#collapseFour6\" aria-expanded=\"false\" aria-controls=\"collapseFour6\">\r\n                                        \u00bfQu\u00e9 m\u00e9todos de pago puedo usar para dep\u00f3sitos?\r\n                                    <\/button>\r\n                                <\/h2>\r\n                                <div id=\"collapseFour6\" class=\"accordion-collapse collapse\" aria-labelledby=\"headingFour6\" data-bs-parent=\"#accordionExample1\">\r\n                                    <div class=\"accordion-body\">\r\n                                        <p>Puedes usar varios m\u00e9todos de pago para dep\u00f3sitos, incluidas transferencias bancarias, tarjetas de cr\u00e9dito\/d\u00e9bito y monederos electr\u00f3nicos populares como PayPal o Skrill. Cada m\u00e9todo puede tener diferentes tiempos de procesamiento, as\u00ed que elige el que mejor se adapte a tus necesidades de trading.<\/p>\r\n                                    <\/div>\r\n                                <\/div>\r\n                            <\/div>\r\n                            <div class=\"accordion-item\">\r\n                                <h2 class=\"accordion-header\" id=\"headingFour7\">\r\n                                    <button class=\"accordion-button collapsed\" type=\"button\" data-bs-toggle=\"collapse\" data-bs-target=\"#collapseFour7\" aria-expanded=\"false\" aria-controls=\"collapseFour7\">\r\n                                         \u00bfC\u00f3mo retiro fondos de mi cuenta de trading?\r\n                                    <\/button>\r\n                                <\/h2>\r\n                                <div id=\"collapseFour7\" class=\"accordion-collapse collapse\" aria-labelledby=\"headingFour7\" data-bs-parent=\"#accordionExample1\">\r\n                                    <div class=\"accordion-body\">\r\n                                        <p>Retirar fondos es sencillo. Simplemente inicia sesi\u00f3n en tu cuenta, ve a la secci\u00f3n &#8220;Retiros&#8221; y selecciona tu m\u00e9todo de retiro preferido. Ingresa la cantidad que deseas retirar y env\u00eda tu solicitud. Nuestro equipo la procesar\u00e1 r\u00e1pidamente, y deber\u00edas recibir tus fondos dentro del plazo especificado para el m\u00e9todo elegido.<\/p>\r\n                                    <\/div>\r\n                                <\/div>\r\n                            <\/div>\r\n                            <div class=\"accordion-item\">\r\n                                <h2 class=\"accordion-header\" id=\"headingFour8\">\r\n                                    <button class=\"accordion-button collapsed\" type=\"button\" data-bs-toggle=\"collapse\" data-bs-target=\"#collapseFour8\" aria-expanded=\"false\" aria-controls=\"collapseFour8\">\r\n                                       \u00bfCu\u00e1nto tiempo tardan en procesarse los dep\u00f3sitos y retiros?\r\n                                    <\/button>\r\n                                <\/h2>\r\n                                <div id=\"collapseFour8\" class=\"accordion-collapse collapse\" aria-labelledby=\"headingFour8\" data-bs-parent=\"#accordionExample1\">\r\n                                    <div class=\"accordion-body\">\r\n                                        <p>Los tiempos de procesamiento var\u00edan seg\u00fan el m\u00e9todo de pago. Los dep\u00f3sitos realizados con tarjetas de cr\u00e9dito\/d\u00e9bito y monederos electr\u00f3nicos suelen ser instant\u00e1neos, mientras que las transferencias bancarias pueden tardar de 1 a 3 d\u00edas h\u00e1biles. Para los retiros, las transacciones con monederos electr\u00f3nicos suelen procesarse en pocas horas, mientras que las transferencias bancarias pueden tardar varios d\u00edas h\u00e1biles.<\/p>\r\n                                    <\/div>\r\n                                <\/div>\r\n                            <\/div>\r\n              <div class=\"accordion-item\">\r\n                 <h2 class=\"accordion-header\" id=\"headingFive9\">\r\n                  <button class=\"accordion-button collapsed\" type=\"button\" data-bs-toggle=\"collapse\" data-bs-target=\"#collapseFive9\" aria-expanded=\"false\" aria-controls=\"collapseFive9\">\r\n                   \u00bfQu\u00e9 herramientas y recursos est\u00e1n disponibles para los traders?\r\n                 <\/button>\r\n                <\/h2>\r\n                <div id=\"collapseFive9\" class=\"accordion-collapse collapse\" aria-labelledby=\"headingFive9\" data-bs-parent=\"#accordionExample1\">\r\n                 <div class=\"accordion-body\">\r\n                   <p>Los traders tienen acceso a diversas herramientas y recursos, incluidos programas de gr\u00e1ficos, indicadores de an\u00e1lisis t\u00e9cnico, calendarios econ\u00f3micos y plataformas de trading con datos en tiempo real. Muchos br\u00f3kers tambi\u00e9n ofrecen materiales educativos, seminarios web y an\u00e1lisis de mercado para ayudar a los traders a tomar decisiones informadas.<\/p>\r\n                 <\/div>\r\n                <\/div>\r\n             <\/div>\r\n         <\/div>\r\n    <\/div>\r\n     <div class=\"col-xl-6\">\r\n         <div class=\"img-wrap text-center\">\r\n           <img decoding=\"async\" class=\"img-fluid\" src=\"\/wp-content\/themes\/website-theme\/images\/faq-img-02.webp\" alt=\"\">\r\n       <\/div>\r\n     <\/div>\r\n \r\n    <\/div>\r\n  <\/div>\r\n<\/div>\r\n","protected":false},"excerpt":{"rendered":"Cont\u00e1ctanos Env\u00edame un mensaje \u00bfC\u00f3mo empiezo a operar? Para comenzar a operar, primero necesitas abrir una cuenta en una plataforma de trading o con un br\u00f3ker. Despu\u00e9s de completar el proceso de registro, puedes depositar fondos en tu cuenta. Familiar\u00edzate con las herramientas y recursos disponibles en la plataforma y considera comenzar con una cuenta &hellip;","protected":false},"author":1,"featured_media":0,"parent":0,"menu_order":0,"comment_status":"closed","ping_status":"closed","template":"fullwidth-page.php","meta":{"footnotes":""},"class_list":["post-694","page","type-page","status-publish","hentry"],"_links":{"self":[{"href":"https:\/\/valero-markets.com\/es\/wp-json\/wp\/v2\/pages\/694","targetHints":{"allow":["GET"]}}],"collection":[{"href":"https:\/\/valero-markets.com\/es\/wp-json\/wp\/v2\/pages"}],"about":[{"href":"https:\/\/valero-markets.com\/es\/wp-json\/wp\/v2\/types\/page"}],"author":[{"embeddable":true,"href":"https:\/\/valero-markets.com\/es\/wp-json\/wp\/v2\/users\/1"}],"replies":[{"embeddable":true,"href":"https:\/\/valero-markets.com\/es\/wp-json\/wp\/v2\/comments?post=694"}],"version-history":[{"count":2,"href":"https:\/\/valero-markets.com\/es\/wp-json\/wp\/v2\/pages\/694\/revisions"}],"predecessor-version":[{"id":758,"href":"https:\/\/valero-markets.com\/es\/wp-json\/wp\/v2\/pages\/694\/revisions\/758"}],"wp:attachment":[{"href":"https:\/\/valero-markets.com\/es\/wp-json\/wp\/v2\/media?parent=694"}],"curies":[{"name":"wp","href":"https:\/\/api.w.org\/{rel}","templated":true}]}}