{"id":691,"date":"2024-09-26T13:04:28","date_gmt":"2024-09-26T13:04:28","guid":{"rendered":"https:\/\/value-markets.com\/contact-us\/"},"modified":"2025-09-01T10:31:35","modified_gmt":"2025-09-01T10:31:35","slug":"contact-us","status":"publish","type":"page","link":"https:\/\/valero-markets.com\/es\/contact-us\/","title":{"rendered":"Contacta con nosotras"},"content":{"rendered":"<div class=\"inner-page-wrap contact-us-page extra-space\">\r\n  <div class=\"container\">\r\n    <div class=\"row\">\r\n    <div class=\"col-xl-8\">\r\n       <h3>Ponte en contacto<\/h3>\r\n       <h2>Env\u00edame un mensaje<\/h2>\r\n       <div class=\"cp-form\">\r\n          <div class=\"content_block\" id=\"custom_post_widget-328\"><form class=\"form has-validation-callback\" id=\"reg_form\" method=\"post\" >\r\n   <div class=\"row\">\r\n            <div class=\"col-md-6\">\r\n              <div class=\"form-group\">\r\n                <input type=\"text\" name=\"co_name\" id=\"co_name\"  class=\"form-control\" placeholder=\"Nombre de pila\">\r\n              <\/div>\r\n            <\/div>\r\n             <div class=\"col-md-6\">\r\n              <div class=\"form-group\">\r\n                <input type=\"email\" name=\"co_email\" id=\"co_email\" class=\"form-control\" placeholder=\"Correo electr\u00f3nico\">\r\n              <\/div>\r\n            <\/div>\r\n            <div class=\"col-md-6\">\r\n              <div class=\"form-group\">\r\n                 <select name=\"co_country\" id=\"real-country\" class=\"form-control form-select\" onchange=\"changecode_contact(this)\">\r\n          <option value=\"US\" data-code=\"+1\">United States<\/option>\r\n          <option value=\"AF\" data-code=\"+93\">Afghanistan<\/option><option value=\"AX\" data-code=\"+358\">Aland Islands<\/option><option value=\"AL\" data-code=\"+355\">Albania<\/option><option value=\"DZ\" data-code=\"+213\">Algeria<\/option><option value=\"AS\" data-code=\"+1 684\">American Samoa<\/option><option value=\"AD\" data-code=\"+376\">Andorra<\/option><option value=\"AO\" data-code=\"+244\">Angola<\/option><option value=\"AI\" data-code=\"+1 264\">Anguilla<\/option><option value=\"AQ\" data-code=\"+672\">Antarctica<\/option><option value=\"AG\" data-code=\"+1 268\">Antigua and Barbuda<\/option><option value=\"AR\" data-code=\"+54\">Argentina<\/option><option value=\"AM\" data-code=\"+374\">Armenia<\/option><option value=\"AW\" data-code=\"+297\">Aruba<\/option><option value=\"AU\" data-code=\"+61\">Australia<\/option><option value=\"AT\" data-code=\"+43\">Austria<\/option><option value=\"AZ\" data-code=\"+994\">Azerbaijan<\/option><option value=\"BS\" data-code=\"+242\">Bahamas<\/option><option value=\"BH\" data-code=\"+973\">Bahrain<\/option><option value=\"BD\" data-code=\"+880\">Bangladesh<\/option><option value=\"BB\" data-code=\"+1 246\">Barbados<\/option><option value=\"BY\" data-code=\"+375\">Belarus<\/option><option value=\"BE\" data-code=\"+32\">Belgium<\/option><option value=\"BZ\" data-code=\"+501\">Belize<\/option><option value=\"BJ\" data-code=\"+229\">Benin<\/option><option value=\"BM\" data-code=\"+1 441\">Bermuda<\/option><option value=\"BT\" data-code=\"+975\">Bhutan<\/option><option value=\"BO\" data-code=\"+591\">Bolivia<\/option><option value=\"BA\" data-code=\"+387\">Bosnia and Herzegovina<\/option><option value=\"BW\" data-code=\"+267\">Botswana<\/option><option value=\"BV\" data-code=\"+47\">Bouvet Island<\/option><option value=\"BR\" data-code=\"+55\">Brazil<\/option><option value=\"IO\" data-code=\"+246\">British Indian Ocean Territory<\/option><option value=\"BN\" data-code=\"+673\">Brunei<\/option><option value=\"BG\" data-code=\"+359\">Bulgaria<\/option><option value=\"BF\" data-code=\"+226\">Burkina Faso<\/option><option value=\"BI\" data-code=\"+257\">Burundi<\/option><option value=\"KH\" data-code=\"+855\">Cambodia<\/option><option value=\"CM\" data-code=\"+237\">Cameroon<\/option><option value=\"CA\" data-code=\"+1\">Canada<\/option><option value=\"CV\" data-code=\"+238\">Cape Verde<\/option><option value=\"KY\" data-code=\"+1 34\">Cayman Islands<\/option><option value=\"CF\" data-code=\"+236\">Central African Republic<\/option><option value=\"TD\" data-code=\"+235\">Chad<\/option><option value=\"CL\" data-code=\"+56\">Chile<\/option><option value=\"CN\" data-code=\"+86\">China<\/option><option value=\"CX\" data-code=\"+61-8\">Christmas Island<\/option><option value=\"CC\" data-code=\"+61\">Cocos (Keeling) Islands<\/option><option value=\"CO\" data-code=\"+57\">Colombia<\/option><option value=\"KM\" data-code=\"+269\">Comoros<\/option><option value=\"CG\" data-code=\"+242\">Congo (Brazzaville)<\/option><option value=\"CD\" data-code=\"+243\">Congo The Democratic Republic Of The<\/option><option value=\"CK\" data-code=\"+682\">Cook Islands<\/option><option value=\"CR\" data-code=\"+506\">Costa Rica<\/option><option value=\"CI\" data-code=\"+225\">Cote D&#8217;Ivoire<\/option><option value=\"HR\" data-code=\"+385\">Croatia<\/option><option value=\"CU\" data-code=\"+53\">Cuba<\/option><option value=\"CY\" data-code=\"+357\">Cyprus<\/option><option value=\"CZ\" data-code=\"+420\">Czech Republic<\/option><option value=\"DK\" data-code=\"+45\">Denmark<\/option><option value=\"DJ\" data-code=\"+253\">Djibouti<\/option><option value=\"DM\" data-code=\"+1 767\">Dominica<\/option><option value=\"DO\" data-code=\"+1 809\">Dominican Republic<\/option><option value=\"EC\" data-code=\"+593\">Ecuador<\/option><option value=\"EG\" data-code=\"+20\">Egypt<\/option><option value=\"SV\" data-code=\"+503\">El Salvador<\/option><option value=\"GQ\" data-code=\"+240\">Equatorial Guinea<\/option><option value=\"ER\" data-code=\"+291\">Eritrea<\/option><option value=\"EE\" data-code=\"+372\">Estonia<\/option><option value=\"ET\" data-code=\"+251\">Ethiopia<\/option><option value=\"FK\" data-code=\"+500\">Falkland Islands<\/option><option value=\"FO\" data-code=\"+298\">Faroe Islands<\/option><option value=\"FJ\" data-code=\"+679\">Fiji<\/option><option value=\"FI\" data-code=\"+358\">Finland<\/option><option value=\"FR\" data-code=\"+33\">France<\/option><option value=\"GF\" data-code=\"+594\">French Guiana<\/option><option value=\"PF\" data-code=\"+689\">French Polynesia<\/option><option value=\"TF\" data-code=\"+262\">French Southern Territories<\/option><option value=\"GA\" data-code=\"+241\">Gabon<\/option><option value=\"GM\" data-code=\"+220\">Gambia<\/option><option value=\"GE\" data-code=\"+995\">Georgia<\/option><option value=\"DE\" data-code=\"+49\">Germany<\/option><option value=\"GH\" data-code=\"+233\">Ghana<\/option><option value=\"GI\" data-code=\"+350\">Gibraltar<\/option><option value=\"GR\" data-code=\"+30\">Greece<\/option><option value=\"GL\" data-code=\"+299\">Greenland<\/option><option value=\"GD\" data-code=\"+1 473\">Grenada<\/option><option value=\"GP\" data-code=\"+590\">Guadeloupe<\/option><option value=\"GU\" data-code=\"+1 671\">Guam<\/option><option value=\"GT\" data-code=\"+502\">Guatemala<\/option><option value=\"GG\" data-code=\"+44\">Guernsey<\/option><option value=\"GN\" data-code=\"+224\">Guinea<\/option><option value=\"GW\" data-code=\"+245\">Guinea-Bissau<\/option><option value=\"GY\" data-code=\"+592\">Guyana<\/option><option value=\"HT\" data-code=\"+509\">Haiti<\/option><option value=\"HM\" data-code=\"+61\">Heard Island and McDonald Islands<\/option><option value=\"VA\" data-code=\"+379\">Vatican<\/option><option value=\"HN\" data-code=\"+504\">Honduras<\/option><option value=\"HK\" data-code=\"+852\">Hong Kong<\/option><option value=\"HU\" data-code=\"+36\">Hungary<\/option><option value=\"IS\" data-code=\"+354\">Iceland<\/option><option value=\"IN\" data-code=\"+91\">India<\/option><option value=\"ID\" data-code=\"+62\">Indonesia<\/option><option value=\"IR\" data-code=\"+98\">Iran Islamic Republic Of<\/option><option value=\"IQ\" data-code=\"+964\">Iraq<\/option><option value=\"IE\" data-code=\"+353\">Ireland<\/option><option value=\"IM\" data-code=\"+44\">Isle of Man<\/option><option value=\"IL\" data-code=\"+972\">Israel<\/option><option value=\"IT\" data-code=\"+39\">Italy<\/option><option value=\"JM\" data-code=\"+1 876\">Jamaica<\/option><option value=\"JP\" data-code=\"+81\">Japan<\/option><option value=\"JE\" data-code=\"+44\">Jersey<\/option><option value=\"JO\" data-code=\"+962\">Jordan<\/option><option value=\"KZ\" data-code=\"+7\">Kazakhstan<\/option><option value=\"KE\" data-code=\"+254\">Kenya<\/option><option value=\"KI\" data-code=\"+686\">Kiribati<\/option><option value=\"KP\" data-code=\"+850\">Korea Democratic People&#8217;S Republic Of<\/option><option value=\"KR\" data-code=\"+82\">Korea Republic Of<\/option><option value=\"KW\" data-code=\"+965\">Kuwait<\/option><option value=\"KG\" data-code=\"+996\">Kyrgyzstan<\/option><option value=\"LA\" data-code=\"+856\">Lao People&#8217;S Democratic Republic\n<\/option><option value=\"LV\" data-code=\"+371\">Latvia<\/option><option value=\"LB\" data-code=\"+961\">Lebanon<\/option><option value=\"LS\" data-code=\"+266\">Lesotho<\/option><option value=\"LR\" data-code=\"+231\">Liberia<\/option><option value=\"LY\" data-code=\"+218\">Libyan Arab Jamahiriya<\/option><option value=\"LI\" data-code=\"+423\">Liechtenstein<\/option><option value=\"LT\" data-code=\"+370\">Lithuania<\/option><option value=\"LU\" data-code=\"+352\">Luxembourg<\/option><option value=\"MO\" data-code=\"+853\">Macao<\/option><option value=\"MK\" data-code=\"+389\">Macedonia The Former Yugoslav Republic Of<\/option><option value=\"MG\" data-code=\"+261\">Madagascar<\/option><option value=\"MW\" data-code=\"+265\">Malawi<\/option><option value=\"MY\" data-code=\"+60\">Malaysia<\/option><option value=\"MV\" data-code=\"+960\">Maldives<\/option><option value=\"ML\" data-code=\"+223\">Mali<\/option><option value=\"MT\" data-code=\"+356\">Malta<\/option><option value=\"MH\" data-code=\"+692\">Marshall Islands<\/option><option value=\"MQ\" data-code=\"+596\">Martinique<\/option><option value=\"MR\" data-code=\"+222\">Mauritania<\/option><option value=\"MU\" data-code=\"+230\">Mauritius<\/option><option value=\"YT\" data-code=\"+262\">Mayotte<\/option><option value=\"MX\" data-code=\"+52\">Mexico<\/option><option value=\"FM\" data-code=\"+691\">Micronesia Federated States Of<\/option><option value=\"MD\" data-code=\"+373\">Moldova Republic Of<\/option><option value=\"MC\" data-code=\"+377\">Monaco<\/option><option value=\"MN\" data-code=\"+976\">Mongolia<\/option><option value=\"MS\" data-code=\"+1 664\">Montserrat<\/option><option value=\"MA\" data-code=\"+212\">Morocco<\/option><option value=\"MZ\" data-code=\"+258\">Mozambique<\/option><option value=\"MM\" data-code=\"+95\">Myanmar<\/option><option value=\"NA\" data-code=\"+264\">Namibia<\/option><option value=\"NR\" data-code=\"+674\">Nauru<\/option><option value=\"NP\" data-code=\"+977\">Nepal<\/option><option value=\"NL\" data-code=\"+31\">Netherlands<\/option><option value=\"AN\" data-code=\"+599\">Netherlands Antilles<\/option><option value=\"NC\" data-code=\"+687\">New Caledonia<\/option><option value=\"NZ\" data-code=\"+64\">New Zealand<\/option><option value=\"NI\" data-code=\"+505\">Nicaragua<\/option><option value=\"NE\" data-code=\"+227\">Niger<\/option><option value=\"NG\" data-code=\"+234\">Nigeria<\/option><option value=\"NU\" data-code=\"+683\">Niue<\/option><option value=\"NF\" data-code=\"+672\">Norfolk Island<\/option><option value=\"MP\" data-code=\"+1\">Northern Mariana Islands<\/option><option value=\"NO\" data-code=\"+47\">Norway<\/option><option value=\"OM\" data-code=\"+968\">Oman<\/option><option value=\"PK\" data-code=\"+92\">Pakistan<\/option><option value=\"PW\" data-code=\"+680\">Palau<\/option><option value=\"PS\" data-code=\"+970\">Palestinian Territory Occupied<\/option><option value=\"PA\" data-code=\"+507\">Panama<\/option><option value=\"PG\" data-code=\"+675\">Papua New Guinea<\/option><option value=\"PY\" data-code=\"+595\">Paraguay<\/option><option value=\"PE\" data-code=\"+51\">Peru<\/option><option value=\"PH\" data-code=\"+63\">Philippines<\/option><option value=\"PN\" data-code=\"+872\">Pitcairn<\/option><option value=\"PL\" data-code=\"+48\">Poland<\/option><option value=\"PT\" data-code=\"+351\">Portugal<\/option><option value=\"PR\" data-code=\"+1\">Puerto Rico<\/option><option value=\"QA\" data-code=\"+974\">Qatar<\/option><option value=\"RE\" data-code=\"+262\">Reunion<\/option><option value=\"RO\" data-code=\"+40\">Romania<\/option><option value=\"RU\" data-code=\"+7\">Russian Federation\n<\/option><option value=\"RW\" data-code=\"+250\">Rwanda<\/option><option value=\"SH\" data-code=\"+290\">Saint Helena<\/option><option value=\"KN\" data-code=\"+1 86\">Saint Kitts and Nevis<\/option><option value=\"LC\" data-code=\"+1 758\">Saint Lucia<\/option><option value=\"PM\" data-code=\"+508\">Saint Pierre and Miquelon<\/option><option value=\"VC\" data-code=\"+1 784\">Saint Vincent and the Grenadines<\/option><option value=\"WS\" data-code=\"+685\">Samoa<\/option><option value=\"SM\" data-code=\"+378\">San Marino<\/option><option value=\"ST\" data-code=\"+239\">Sao Tome and Principe<\/option><option value=\"SA\" data-code=\"+966\">Saudi Arabia<\/option><option value=\"SN\" data-code=\"+221\">Senegal<\/option><option value=\"RS\" data-code=\"+381\">Serbia And Montenegro<\/option><option value=\"SC\" data-code=\"+248\">Seychelles<\/option><option value=\"SL\" data-code=\"+232\">Sierra Leone<\/option><option value=\"SG\" data-code=\"+65\">Singapore<\/option><option value=\"SK\" data-code=\"+421\">Slovakia<\/option><option value=\"SI\" data-code=\"+386\">Slovenia<\/option><option value=\"SB\" data-code=\"+677\">Solomon Islands<\/option><option value=\"SO\" data-code=\"+252\">Somalia<\/option><option value=\"ZA\" data-code=\"+27\">South Africa<\/option><option value=\"GS\" data-code=\"+500\">South Georgia and the South Sandwich Islands<\/option><option value=\"ES\" data-code=\"+34\">Spain<\/option><option value=\"LK\" data-code=\"+94\">Sri Lanka<\/option><option value=\"SD\" data-code=\"+249\">Sudan<\/option><option value=\"SR\" data-code=\"+597\">Suriname<\/option><option value=\"SJ\" data-code=\"+47\">Svalbard and Jan Mayen<\/option><option value=\"SZ\" data-code=\"+268\">Swaziland<\/option><option value=\"SE\" data-code=\"+46\">Sweden<\/option><option value=\"CH\" data-code=\"+41\">Switzerland<\/option><option value=\"SY\" data-code=\"+963\">Syrian Arab Republic\n<\/option><option value=\"TW\" data-code=\"+886\">Taiwan Province Of China<\/option><option value=\"TJ\" data-code=\"+992\">Tajikistan<\/option><option value=\"TZ\" data-code=\"+255\">Tanzania United Republic Of<\/option><option value=\"TH\" data-code=\"+66\">Thailand<\/option><option value=\"TL\" data-code=\"+670\">Timor-Leste<\/option><option value=\"TG\" data-code=\"+228\">Togo<\/option><option value=\"TK\" data-code=\"+690\">Tokelau<\/option><option value=\"TO\" data-code=\"+676\">Tonga<\/option><option value=\"TT\" data-code=\"+1 868\">Trinidad and Tobago<\/option><option value=\"TN\" data-code=\"+216\">Tunisia<\/option><option value=\"TR\" data-code=\"+90\">Turkey<\/option><option value=\"TM\" data-code=\"+993\">Turkmenistan<\/option><option value=\"TC\" data-code=\"+1 649\">Turks and Caicos Islands<\/option><option value=\"TV\" data-code=\"+688\">Tuvalu<\/option><option value=\"UG\" data-code=\"+256\">Uganda<\/option><option value=\"UA\" data-code=\"+380\">Ukraine<\/option><option value=\"AE\" data-code=\"+971\">United Arab Emirates<\/option><option value=\"GB\" data-code=\"+44\">United Kingdom<\/option><option value=\"US\" data-code=\"+1\">United States<\/option><option value=\"UM\" data-code=\"+699\">United States Minor Outlying Islands<\/option><option value=\"UY\" data-code=\"+598\">Uruguay<\/option><option value=\"UZ\" data-code=\"+998\">Uzbekistan<\/option><option value=\"VU\" data-code=\"+678\">Vanuatu<\/option><option value=\"VE\" data-code=\"+58\">Venezuela<\/option><option value=\"VN\" data-code=\"+84\">Viet Nam<\/option><option value=\"VG\" data-code=\"+1\">Virgin Islands British<\/option><option value=\"VI\" data-code=\"+340\">Virgin Islands U.S.<\/option><option value=\"WF\" data-code=\"+681\">Wallis and Futuna<\/option><option value=\"EH\" data-code=\"+21\">Western Sahara<\/option><option value=\"YE\" data-code=\"+967\">Yemen<\/option><option value=\"ZM\" data-code=\"+260\">Zambia<\/option><option value=\"ZW\" data-code=\"+263\">Zimbabwe<\/option>        <\/select>\r\n\t\t\t<\/div>\r\n            <\/div>\r\n            <div class=\"col-md-6\">\r\n              <div class=\"form-group\">\r\n                <div class=\"clearfix\">\r\n                <input type=\"text\" name=\"country_code_cont\" id=\"real-countrycode-contact\" class=\"form-control country-code\" value=\"+1\" class=\"form-control country-code\" readonly>\r\n                  <input class=\"form-control ph-number error\" name=\"co_phone\" id=\"co_phone\" data-validation-length=\"5-12\" data-validation=\"length,number\"  type=\"text\" placeholder=\"N\u00famero de tel\u00e9fono\">\r\n                <\/div>\r\n              <\/div>\r\n            <\/div>\r\n            <div class=\"col-md-12\">\r\n              <div class=\"form-group\">\r\n\t\t\t     <textarea name=\"co_comment\" id=\"co_comment\" placeholder=\"Mensaje\" class=\"form-control form-comment\" data-validation=\"required\" data-validation-error-msg=\"Please provide above details\"><\/textarea>\r\n\t\t\t  <\/div>\r\n            <\/div>\r\n\r\n            <!-- AT-854 -->\r\n             <div class=\"clearfix row\">\r\n            <div class=\"col-md-6 col-6\">\r\n              <div class=\"form-group form-group-captcha\">\r\n               \r\n                <div class=\"clearfix mt-20\">\r\n                  <div class=\"security-code-wrapp\">\r\n                    <input placeholder=\"Introduce el c\u00f3digo de seguridad\" type=\"text\" name=\"captcha_code\" id=\"captcha_code1\" class=\"form-control\" data-validation=\"required\" data-validation-error-msg=\"Por favor proporcione los detalles anteriores\">\r\n                  <\/div>\r\n                <\/div>\r\n              <\/div>\r\n            <\/div>\r\n            <div class=\"col-md-3 col-6\">\r\n            <div class=\"captcha-wrapp\">\r\n              <img decoding=\"async\" src=\"\" id=\"captchacode1\" class=\"refresh_captcha\" alt=\"\">\r\n              <img decoding=\"async\" src=\"\/wp-content\/themes\/website-theme\/images\/refresh.webp\" class=\"refresh_captcha\" alt=\"\">\r\n            <\/div>\r\n            <\/div>\r\n              <span class=\"help-block form-error\" id=\"error-captcha-code\"><\/span>\r\n            <!-- AT-854 -->\r\n        <\/div>\r\n\t\t\t<div class=\"col-md-12\">\r\n               <button type=\"submit\" name=\"co_submit1\" id=\"co_submit1\" class=\"common-btn white\">Enviar<\/button>\r\n\t\t\t   <div class=\"page-loader formprocessgif\" id=\"img\" style=\"display: none;\">\r\n          <i class=\"fa fa-spinner fa-pulse fa-3x fa-fw\"><\/i>\r\n        <\/div>\r\n\t\t\t<\/div>\r\n            \r\n\t\t\t<div class=\"clearfix\"><\/div>\r\n      <\/div>\r\n<\/form>\r\n<div class=\"modal\" id=\"thankyouModal\" style=\"display: none;\">\r\n  <div class=\"modal-dialog modal-dialog-centered\">\r\n    <div class=\"modal-content text-center\">\r\n\r\n      <!-- Modal Header -->\r\n      <div class=\"modal-header\">\r\n        <img decoding=\"async\" src=\"\/wp-content\/themes\/website-theme\/images\/thank-you.webp\" class=\"img-fluid imgcenter\" alt=\"\">\r\n        <!--<button type=\"button\" class=\"btn-close\" data-bs-dismiss=\"modal\"><\/button>-->\r\n      <\/div>\r\n\r\n      <!-- Modal body -->\r\n      <div class=\"modal-body\">\r\n\t  <p class=\"text-center\">Tu mensaje se ha enviado correctamente. \u00a1Nos pondremos en contacto contigo en breve!<\/p>\r\n<a class=\"\" href=\"\/\" style=\"width:auto;\">Volver a la p\u00e1gina de inicio<\/a>\r\n\r\n      <\/div>\r\n    <\/div>\r\n  <\/div>\r\n<\/div>\r\n\r\n\r\n<script>\r\n  function changecode_contact(str) {\r\n    var $ = jQuery; \/\/ Safely define $ in this scope\r\n\r\n    var country_dial_code = $(str).find(\":selected\").attr('data-code');\r\n    $(\"#real-countrycode-contact\").val(country_dial_code);\r\n}\r\n \r\njQuery(document).ready(function ($) {\r\n   var hiddencaptcha1 = \"\";\r\n\r\n        function generate_captcha() {\r\n        var randomValue = Math.floor(10000 + Math.random() * 90000); \/\/ Generate random number between 10000 and 99999\r\n\r\n        \/\/ Replace this with full path to CI captcha generator\r\n        var captchaUrl = \"https:\/\/clientzone.valero-markets.com\/pt-pt\/real\/captcha?verify_captcha=\" + randomValue;\r\n\r\n        $('#captchacode1').attr('src', captchaUrl);\r\n\r\n        \/\/ Save the expected code for validation\r\n        hiddencaptcha1 = randomValue.toString(); \/\/ Keep it as string for safe comparison\r\n        }\r\n\r\n        \/\/ On page load\r\n        generate_captcha();\r\n\r\n        \/\/ On refresh icon click\r\n        $('.refresh_captcha').on('click', function () {\r\n        generate_captcha();\r\n        });\r\n  \/\/ Add custom methods\r\n  $.validator.addMethod(\"IsName\", function (value, element) {\r\n    return this.optional(element) || \/^[\\sa-zA-Z\\u0600-\\u06FF\u00e1\u00c1\u00e9\u00c9\u00ed\u00cd\u00f3\u00d3\u00fa\u00da\u00f1\u00d1]+$\/i.test(value);\r\n  }, \"Por favor proporcione detalles v\u00e1lidos\");\r\n\r\n  $.validator.addMethod(\"IsEmail\", function (value, element) {\r\n    return this.optional(element) || \/^[a-zA-Z0-9_.+-]+@([a-zA-Z0-9-]+\\.)+[a-zA-Z0-9]{2,4}$\/i.test(value);\r\n  }, \"Por favor proporcione detalles v\u00e1lidos\");\r\n\r\n  $.validator.addMethod(\"IsNumber\", function (value, element) {\r\n    return this.optional(element) || \/^[0-9]{5,17}$\/i.test(value);\r\n  }, \"Por favor proporcione detalles v\u00e1lidos\");\r\n\r\n   $.validator.addMethod(\"validCustomCaptcha\", function (value, element, params) {\r\n        console.log(\"validCustomCaptcha val: \" + value);\r\n        console.log(\"validCustomCaptcha param: \" + params);\r\n        \r\n        return params == value;\r\n        }, \"C\u00f3digo de seguridad no v\u00e1lido\");\r\n\r\n        $('#captcha_code1').on('blur', function () {\r\n        $(this).valid();\r\n        });\r\n\r\n  $.validator.addMethod(\"IsCaptchaValid\", function (value, element) {\r\n    var isSuccess = false;\r\n    $.ajax({\r\n      type: \"POST\",\r\n      url: \"\/wp-content\/themes\/website-theme\/ajax-validate-captcha.php\",\r\n      data: { captcha: value },\r\n      dataType: \"json\",\r\n      async: false,\r\n      success: function (response) {\r\n        isSuccess = response.success;\r\n      }\r\n    });\r\n    return isSuccess;\r\n  }, \"C\u00f3digo de seguridad no v\u00e1lido\");\r\n\r\n  $(\"#reg_form\").validate({\r\n    ignore: \".ignore\",\r\n    rules: {\r\n      co_name: { required: true, IsName: true },\r\n      co_email: { required: true, IsEmail: true },\r\n      co_phone: {\r\n        required: true,\r\n        IsNumber: true,\r\n        rangelength: [5, 10]\r\n      },\r\n      co_comment: { required: true },\r\n      flexCheckDefault: { required: true },\r\n      captcha_code: {\r\n                    required: true,\r\n                    validCustomCaptcha: function () {\r\n                        return hiddencaptcha1;\r\n                    }\r\n                }\r\n    },\r\n    messages: {\r\n      co_name: \"Por favor proporcione un nombre v\u00e1lido\",\r\n      co_email: \"Proporcione una direcci\u00f3n de correo electr\u00f3nico v\u00e1lida\",\r\n      co_phone: \"Proporcione un n\u00famero de tel\u00e9fono v\u00e1lido.\",\r\n      co_comment: \"Por favor proporcione comentarios v\u00e1lidos\",\r\n      flexCheckDefault: \"Por favor, acepte los t\u00e9rminos y condiciones.\",\r\n      captcha_code: \"C\u00f3digo de seguridad no v\u00e1lido\",\r\n    },\r\n    submitHandler: function (form) {\r\n       \/\/ AT-896\r\n                let enteredCaptcha = $('#captcha_code1').val().trim();\r\n                let isValidCaptcha = true;\r\n\r\n                if (enteredCaptcha === '') {\r\n                    $('#error-captcha-code').text(\"Security code required\");\r\n                    $('#captcha_code1').closest('.form-group-captcha').addClass('has-error');\r\n                    isValidCaptcha = false;\r\n                } else if (enteredCaptcha !== hiddencaptcha1) {\r\n                    $('#error-captcha-code').text(\"Invalid security code\");\r\n                    $('#captcha_code1').closest('.form-group-captcha').addClass('has-error');\r\n                    isValidCaptcha = false;\r\n                } else {\r\n                    $('#error-captcha-code').text('');\r\n                    $('#captcha_code1').closest('.form-group-captcha').removeClass('has-error');\r\n                }\r\n                \/\/ AT-854\r\n                if (isValidCaptcha) { \/\/ AT-854\r\n                    $(\"#co_submit1\").hide();\r\n                    $(\".page-loader\").show();\r\n                    setTimeout(function () {\r\n                    $(\".page-loader\").hide();\r\n                    $('#thankyouModal').modal('show');\r\n                    form.submit();\r\n                    }, 2000);\r\n                } \/\/ AT-854\r\n    }\r\n  });\r\n});\r\n\r\n<\/script>\r\n<style>\r\n  .formprocessgif{\r\n        position: fixed;\r\n        width: 100%;\r\n        height: 100%;\r\n        top: 0;\r\n        right: 0;\r\n        left: 0;\r\n        bottom: 0;\r\n        display: flex;\r\n        align-items: center;\r\n        vertical-align: middle;\r\n        justify-content: center;\r\n        background: rgba(0, 0, 0, 0.8);\r\n        z-index: 99999;\r\n        border-radius: 8px;\r\n    }\r\n \r\n    .formprocessgif .fa {\r\n        position: relative;\r\n        z-index: 999;\r\n        color: #1b84e7;\r\n        font-size: 55px !important;\r\n    }\r\n<\/style><\/div>\r\n       <\/div>\r\n     <\/div>\r\n    \r\n     <div class=\"col-xl-4\">\r\n        <img decoding=\"async\" class=\"img-fluid\" src=\"\/wp-content\/themes\/website-theme\/images\/cont-img.webp\" alt=\"\">\r\n     <\/div>\r\n    <\/div>\r\n  <\/div>\r\n<\/div>\r\n","protected":false},"excerpt":{"rendered":"Ponte en contacto Env\u00edame un mensaje","protected":false},"author":1,"featured_media":0,"parent":0,"menu_order":0,"comment_status":"closed","ping_status":"closed","template":"fullwidth-page.php","meta":{"footnotes":""},"class_list":["post-691","page","type-page","status-publish","hentry"],"_links":{"self":[{"href":"https:\/\/valero-markets.com\/es\/wp-json\/wp\/v2\/pages\/691","targetHints":{"allow":["GET"]}}],"collection":[{"href":"https:\/\/valero-markets.com\/es\/wp-json\/wp\/v2\/pages"}],"about":[{"href":"https:\/\/valero-markets.com\/es\/wp-json\/wp\/v2\/types\/page"}],"author":[{"embeddable":true,"href":"https:\/\/valero-markets.com\/es\/wp-json\/wp\/v2\/users\/1"}],"replies":[{"embeddable":true,"href":"https:\/\/valero-markets.com\/es\/wp-json\/wp\/v2\/comments?post=691"}],"version-history":[{"count":4,"href":"https:\/\/valero-markets.com\/es\/wp-json\/wp\/v2\/pages\/691\/revisions"}],"predecessor-version":[{"id":757,"href":"https:\/\/valero-markets.com\/es\/wp-json\/wp\/v2\/pages\/691\/revisions\/757"}],"wp:attachment":[{"href":"https:\/\/valero-markets.com\/es\/wp-json\/wp\/v2\/media?parent=691"}],"curies":[{"name":"wp","href":"https:\/\/api.w.org\/{rel}","templated":true}]}}