{"id":688,"date":"2024-09-29T16:20:08","date_gmt":"2024-09-29T16:20:08","guid":{"rendered":"https:\/\/value-markets.com\/commodities\/"},"modified":"2025-09-01T10:30:24","modified_gmt":"2025-09-01T10:30:24","slug":"commodities","status":"publish","type":"page","link":"https:\/\/valero-markets.com\/es\/commodities\/","title":{"rendered":"productos b\u00e1sicos"},"content":{"rendered":"<div class=\"inner-page-wrap commodities-page\">\r\n\r\n<div class=\"com-top\">\r\n  <div class=\"container\">\r\n    <div class=\"row\">\r\n         <div class=\"col-lg-3\">\r\n\t\t    <img decoding=\"async\" class=\"img-fluid\" src=\"\/wp-content\/themes\/website-theme\/images\/comm-img-01.webp\" alt=\"\">\r\n\t     <\/div>\r\n\t    <div class=\"col-lg-9\">\r\n\t\t  <h3>Navegando en el mundo del comercio de materias primas: Oportunidades, estrategias y perspectivas<\/h3>\r\n\t\t  <p>El comercio de materias primas presenta un escenario din\u00e1mico para los inversores que buscan diversificar sus carteras y capitalizar las fluctuaciones del mercado. Este mercado abarca una amplia gama de activos tangibles, incluyendo productos agr\u00edcolas, metales y recursos energ\u00e9ticos, cada uno influenciado por factores \u00fanicos como la oferta y demanda global, eventos geopol\u00edticos e indicadores econ\u00f3micos. A medida que la econom\u00eda global se vuelve cada vez m\u00e1s interconectada, las materias primas suelen experimentar volatilidad en los precios, ofreciendo tanto desaf\u00edos como oportunidades para los traders. Comprender las particularidades de cada materia prima \u2014desde c\u00f3mo el clima impacta en los cultivos hasta las implicaciones geopol\u00edticas de las interrupciones en el suministro de petr\u00f3leo\u2014 es esencial para un trading exitoso. A medida que los traders buscan desenvolverse en este complejo panorama, deben emplear una variedad de estrategias, como el an\u00e1lisis fundamental y t\u00e9cnico, para tomar decisiones informadas. Adem\u00e1s, mantenerse actualizado sobre las tendencias del mercado y los desarrollos econ\u00f3micos es crucial para aprovechar oportunidades y mitigar riesgos. Al dominar las complejidades del comercio de materias primas, los inversores no solo pueden mejorar sus carteras financieras, sino tambi\u00e9n obtener una visi\u00f3n m\u00e1s profunda de las fuerzas econ\u00f3micas globales en juego.<\/p>\r\n\t   <\/div>\r\n\t  <\/div>\r\n  <\/div>\r\n<\/div>\r\n\r\n<div class=\"com-bottom\">\r\n  <div class=\"container\">\r\n\t<div class=\"row\">\r\n\t  <div class=\"col-lg-9\">\r\n\t    <h2>El papel esencial de las materias primas en la econom\u00eda global: Comprendiendo las din\u00e1micas y tendencias del mercado<\/h2>\r\n\t\t<p>Las materias primas son bloques de construcci\u00f3n fundamentales de la econom\u00eda global, influyendo en todo, desde los precios de los alimentos hasta los costos de la energ\u00eda. Estas materias primas sirven como la base de diversas industrias, proporcionando los insumos esenciales para la manufactura, la producci\u00f3n de energ\u00eda y la agricultura. La interacci\u00f3n entre la oferta y la demanda determina la fijaci\u00f3n de precios de las materias primas, haci\u00e9ndolas sensibles a una variedad de factores como las condiciones clim\u00e1ticas, los avances tecnol\u00f3gicos y las tensiones geopol\u00edticas. Por ejemplo, una sequ\u00eda en una regi\u00f3n agr\u00edcola clave puede hacer que los precios de los granos se disparen, mientras que los conflictos geopol\u00edticos pueden interrumpir el suministro de petr\u00f3leo y generar fluctuaciones en los precios de la energ\u00eda. Comprender estas din\u00e1micas es crucial para los traders e inversores que buscan desenvolverse eficazmente en el mercado de materias primas. Al analizar indicadores econ\u00f3micos, tendencias del mercado y desarrollos en la industria, los traders pueden tomar decisiones informadas que se alineen con sus estrategias de inversi\u00f3n. A medida que el mundo contin\u00faa evolucionando, la importancia de las materias primas seguir\u00e1 siendo constante, lo que hace esencial que los inversores se mantengan informados y \u00e1giles en este panorama en constante cambio.<\/p>\r\n\t  <\/div>\r\n\t  <div class=\"col-lg-3\">\r\n\t\t<img decoding=\"async\" class=\"img-fluid\" src=\"\/wp-content\/themes\/website-theme\/images\/comm-img-02.webp\" alt=\"\">\r\n      <\/div>\r\n\t<\/div>\r\n   <\/div>\r\n<\/div>\r\n\r\n<\/div>\r\n","protected":false},"excerpt":{"rendered":"Navegando en el mundo del comercio de materias primas: Oportunidades, estrategias y perspectivas El comercio de materias primas presenta un escenario din\u00e1mico para los inversores que buscan diversificar sus carteras y capitalizar las fluctuaciones del mercado. Este mercado abarca una amplia gama de activos tangibles, incluyendo productos agr\u00edcolas, metales y recursos energ\u00e9ticos, cada uno influenciado &hellip;","protected":false},"author":1,"featured_media":0,"parent":0,"menu_order":0,"comment_status":"closed","ping_status":"closed","template":"fullwidth-page.php","meta":{"footnotes":""},"class_list":["post-688","page","type-page","status-publish","hentry"],"_links":{"self":[{"href":"https:\/\/valero-markets.com\/es\/wp-json\/wp\/v2\/pages\/688","targetHints":{"allow":["GET"]}}],"collection":[{"href":"https:\/\/valero-markets.com\/es\/wp-json\/wp\/v2\/pages"}],"about":[{"href":"https:\/\/valero-markets.com\/es\/wp-json\/wp\/v2\/types\/page"}],"author":[{"embeddable":true,"href":"https:\/\/valero-markets.com\/es\/wp-json\/wp\/v2\/users\/1"}],"replies":[{"embeddable":true,"href":"https:\/\/valero-markets.com\/es\/wp-json\/wp\/v2\/comments?post=688"}],"version-history":[{"count":3,"href":"https:\/\/valero-markets.com\/es\/wp-json\/wp\/v2\/pages\/688\/revisions"}],"predecessor-version":[{"id":756,"href":"https:\/\/valero-markets.com\/es\/wp-json\/wp\/v2\/pages\/688\/revisions\/756"}],"wp:attachment":[{"href":"https:\/\/valero-markets.com\/es\/wp-json\/wp\/v2\/media?parent=688"}],"curies":[{"name":"wp","href":"https:\/\/api.w.org\/{rel}","templated":true}]}}