{"id":685,"date":"2024-09-27T11:52:56","date_gmt":"2024-09-27T11:52:56","guid":{"rendered":"https:\/\/value-markets.com\/account-types\/"},"modified":"2025-09-01T10:28:02","modified_gmt":"2025-09-01T10:28:02","slug":"account-types","status":"publish","type":"page","link":"https:\/\/valero-markets.com\/es\/account-types\/","title":{"rendered":"Tipos de cuenta"},"content":{"rendered":"<div class=\"inner-page-wrap account-type-page extra-space\">\r\n    <div class=\"container\">\r\n        <div class=\"row\">\r\n              \r\n\t\t\t  <div class=\"col-lg-4\"> \r\n\t\t\t       <div class=\"acc-box\">\r\n\t\t\t\t      <div class=\"acc-header\">\r\n\t\t\t\t\t\t  <div class=\"icon acc1\"><\/div>\r\n\t\t\t\t\t\t  <h3>Cuenta B\u00e1sica<\/h3>\r\n                          <p>Dise\u00f1ada para nuevos traders, la Cuenta B\u00e1sica ofrece todas las herramientas esenciales y el soporte que necesitas para comenzar tu camino en el trading con confianza.<\/p>\t\t\t\t\t\t\t   \r\n\t\t\t\t\t  <\/div>\r\n\t\t\t\t\t  <div class=\"acc-content\">\r\n                          <ul>\r\n\t\t\t\t\t\t\t   <li>Bajo dep\u00f3sito inicial<\/li> \r\n\t\t\t\t\t\t\t   <li>Acceso a recursos educativos<\/li> \r\n\t\t\t\t\t\t\t   <li>Plataforma f\u00e1cil de usar<\/li> \r\n\t\t\t\t\t\t\t   <li>Spreads est\u00e1ndar<\/li> \r\n\t\t\t\t\t\t\t   <li>Soporte al cliente 24\/5<\/li>\r\n\t\t\t\t\t\t  <\/ul>                   \t\t\t\t\t  \r\n\t\t\t\t\t  <\/div>\r\n\t\t\t\t\t  <div class=\"acc-footer\">\r\n\t\t\t\t\t       <a href=\"https:\/\/clientzone.valero-markets.com\/es\/real\">Abrir una cuenta<\/a>\r\n\t\t\t\t\t  <\/div>\r\n\t\t\t\t\t<\/div>\r\n\t\t\t  <\/div>\r\n\t\t\t  \r\n              <div class=\"col-lg-4 active\"> \r\n\t\t\t       <div class=\"acc-box\">\r\n\t\t\t\t      <div class=\"acc-header\">\r\n\t\t\t\t\t\t  <div class=\"icon acc2\"><\/div>\r\n\t\t\t\t\t\t  <h3>Cuenta Avanzada<\/h3>\r\n                          <p>La Cuenta Avanzada es ideal para traders con algo de experiencia que est\u00e1n listos para llevar sus habilidades al siguiente nivel con herramientas mejoradas y acceso avanzado al mercado.<\/p>\t\t\t\t\t\t\t   \r\n\t\t\t\t\t  <\/div>\r\n\t\t\t\t\t  <div class=\"acc-content\">\r\n                          <ul>\r\n\t\t\t\t\t\t\t   <li>Opciones de apalancamiento m\u00e1s alto<\/li> \r\n\t\t\t\t\t\t\t   <li>Herramientas avanzadas de an\u00e1lisis de mercado<\/li> \r\n\t\t\t\t\t\t\t   <li>Spreads reducidos<\/li> \r\n\t\t\t\t\t\t\t   <li>Acceso a seminarios web premium<\/li> \r\n\t\t\t\t\t\t\t   <li>Soporte al cliente prioritario<\/li>\r\n\t\t\t\t\t\t  <\/ul>                   \t\t\t\t\t  \r\n\t\t\t\t\t  <\/div>\r\n\t\t\t\t\t  <div class=\"acc-footer\">\r\n\t\t\t\t\t       <a href=\"https:\/\/clientzone.valero-markets.com\/es\/real\">Abrir una cuenta<\/a>\r\n\t\t\t\t\t  <\/div>\r\n\t\t\t\t\t<\/div>\r\n\t\t\t  <\/div>\r\n\t\t\t  \r\n              <div class=\"col-lg-4\"> \r\n\t\t\t       <div class=\"acc-box\">\r\n\t\t\t\t      <div class=\"acc-header\">\r\n\t\t\t\t\t\t  <div class=\"icon acc3\"><\/div>\r\n\t\t\t\t\t\t  <h3>Cuenta Pro<\/h3>\r\n                          <p>Para traders profesionales, la Cuenta Pro ofrece condiciones de trading \u00e9lite, servicio prioritario y la gama m\u00e1s completa de herramientas.<\/p>\t\t\t\t\t\t\t   \r\n\t\t\t\t\t  <\/div>\r\n\t\t\t\t\t  <div class=\"acc-content\">\r\n                          <ul>\r\n\t\t\t\t\t\t\t   <li>Gerente de cuenta personal<\/li> \r\n\t\t\t\t\t\t\t   <li>Spreads ultrabajos<\/li> \r\n\t\t\t\t\t\t\t   <li>Plataforma de trading personalizable<\/li> \r\n\t\t\t\t\t\t\t   <li>Soporte 24\/7<\/li> \r\n\t\t\t\t\t\t\t   <li>Procesamiento prioritario de retiros<\/li>\r\n\t\t\t\t\t\t  <\/ul>                   \t\t\t\t\t  \r\n\t\t\t\t\t  <\/div>\r\n\t\t\t\t\t  <div class=\"acc-footer\">\r\n\t\t\t\t\t       <a href=\"https:\/\/clientzone.valero-markets.com\/es\/real\">Abrir una cuenta<\/a>\r\n\t\t\t\t\t  <\/div>\r\n\t\t\t\t\t<\/div>\r\n\t\t\t  <\/div>\r\n\t\t\t  \r\n\t\t\t<\/div>     \t   \r\n\t  <\/div>\r\n<\/div>   \r\n","protected":false},"excerpt":{"rendered":"Cuenta B\u00e1sica Dise\u00f1ada para nuevos traders, la Cuenta B\u00e1sica ofrece todas las herramientas esenciales y el soporte que necesitas para comenzar tu camino en el trading con confianza. Bajo dep\u00f3sito inicial Acceso a recursos educativos Plataforma f\u00e1cil de usar Spreads est\u00e1ndar Soporte al cliente 24\/5 Abrir una cuenta Cuenta Avanzada La Cuenta Avanzada es ideal &hellip;","protected":false},"author":1,"featured_media":0,"parent":0,"menu_order":0,"comment_status":"closed","ping_status":"closed","template":"fullwidth-page.php","meta":{"footnotes":""},"class_list":["post-685","page","type-page","status-publish","hentry"],"_links":{"self":[{"href":"https:\/\/valero-markets.com\/es\/wp-json\/wp\/v2\/pages\/685","targetHints":{"allow":["GET"]}}],"collection":[{"href":"https:\/\/valero-markets.com\/es\/wp-json\/wp\/v2\/pages"}],"about":[{"href":"https:\/\/valero-markets.com\/es\/wp-json\/wp\/v2\/types\/page"}],"author":[{"embeddable":true,"href":"https:\/\/valero-markets.com\/es\/wp-json\/wp\/v2\/users\/1"}],"replies":[{"embeddable":true,"href":"https:\/\/valero-markets.com\/es\/wp-json\/wp\/v2\/comments?post=685"}],"version-history":[{"count":2,"href":"https:\/\/valero-markets.com\/es\/wp-json\/wp\/v2\/pages\/685\/revisions"}],"predecessor-version":[{"id":754,"href":"https:\/\/valero-markets.com\/es\/wp-json\/wp\/v2\/pages\/685\/revisions\/754"}],"wp:attachment":[{"href":"https:\/\/valero-markets.com\/es\/wp-json\/wp\/v2\/media?parent=685"}],"curies":[{"name":"wp","href":"https:\/\/api.w.org\/{rel}","templated":true}]}}