{"id":682,"date":"2024-09-26T10:39:58","date_gmt":"2024-09-26T10:39:58","guid":{"rendered":"https:\/\/value-markets.com\/about-us\/"},"modified":"2025-09-11T07:34:10","modified_gmt":"2025-09-11T07:34:10","slug":"about-us","status":"publish","type":"page","link":"https:\/\/valero-markets.com\/es\/about-us\/","title":{"rendered":"Sobre nosotras"},"content":{"rendered":"<div class=\"inner-page-wrap about-us-page\">\r\n   \r\n<div class=\"section section-two\">\r\n   <div class=\"container\">\r\n      <div class=\"row\">\r\n\t    <div class=\"col-lg-12 wow fadeInUp text-center\">\r\n\t\t   <h2 class=\"section-heading\">Acerca de Valero-Markets<\/h2>\r\n\t\t   <h2>Un Socio Confiable en la Excelencia del Comercio Global<\/h2>\r\n\t\t<\/div>\r\n\t <\/div> \r\n\t <div class=\"row\">\r\n\t\t   <div class=\"col-lg-4 wow fadeInUp\">\r\n\t\t\t    <div class=\"s2-box\">\r\n\t\t\t        <img decoding=\"async\" class=\"img-fluid\" src=\"\/wp-content\/themes\/website-theme\/images\/sec02-01-img.webp\" alt=\"\">\r\n\t\t\t        <h3>Soluciones de Comercio Innovadoras<\/h3>\r\n\t\t\t\t    <p>Valero-Markets ofrece un conjunto de herramientas y tecnolog\u00edas innovadoras dise\u00f1adas para mejorar la experiencia de trading. Desde an\u00e1lisis en tiempo real hasta plataformas de trading personalizables, garantizamos que los traders tengan acceso a las \u00faltimas innovaciones del mercado, ayud\u00e1ndolos a mantenerse un paso adelante de la competencia.<\/p>\r\n\t\t\t   <\/div>\r\n\t\t\t<\/div>\r\n\t\t\t\r\n\t\t\t<div class=\"col-lg-4 wow fadeInUp\">\r\n\t\t\t   <div class=\"s2-box middle\">\r\n\t\t\t        <img decoding=\"async\" class=\"img-fluid\" src=\"\/wp-content\/themes\/website-theme\/images\/sec02-02-img.webp\" alt=\"\">\r\n\t\t\t        <h3>Acceso Integral al Mercado<\/h3>\r\n\t\t\t\t    <p>Ofrecemos a nuestros clientes acceso a una amplia gama de mercados, incluyendo forex, materias primas, \u00edndices y criptomonedas. Con Valero-Markets, los traders pueden diversificar sus carteras y aprovechar f\u00e1cilmente las oportunidades en los mercados globales.<\/p>\r\n\t\t\t   <\/div>\r\n\t\t\t<\/div>\r\n\t\t\t \r\n\t\t\t<div class=\"col-lg-4 wow fadeInUp\">\r\n\t\t\t   <div class=\"s2-box last\">\r\n\t\t\t       <img decoding=\"async\" class=\"img-fluid\" src=\"\/wp-content\/themes\/website-theme\/images\/sec02-03-img.webp\" alt=\"\">\r\n\t\t\t       <h3>Trading Seguro y Transparente<\/h3>\r\n\t\t\t\t   <p>La seguridad y la transparencia est\u00e1n en el n\u00facleo de las operaciones de Valero-Markets. Utilizamos protocolos avanzados de encriptaci\u00f3n y seguimos estrictos est\u00e1ndares regulatorios para garantizar que los fondos y datos de nuestros clientes est\u00e9n siempre protegidos, permiti\u00e9ndote operar con confianza.<\/p>\r\n\t\t\t     <\/div>\r\n\t\t\t<\/div>\r\n\t  <\/div>\r\n   <\/div>\r\n<\/div>\r\n\r\n\r\n<div class=\"section section-five\">\r\n   <div class=\"container\">\r\n       <div class=\"row\">  \r\n\t\t <div class=\"col-lg-12 col-xl-6\">\r\n\t\t   <div class=\"sf-left\">\r\n\t\t\t <h2 class=\"section-heading\">Un compromiso con la confianza y la fiabilidad<\/h2>\r\n\t\t\t <h2>Construyendo relaciones duraderas con nuestros clientes<\/h2>\r\n\t\t \t <p>La confianza es la piedra angular de todo lo que hacemos en Valero-Markets. Nuestros clientes conf\u00edan en nosotros no solo por una plataforma de trading de clase mundial, sino tambi\u00e9n por una asociaci\u00f3n segura y transparente. Desde s\u00f3lidas medidas de protecci\u00f3n de datos hasta un soporte al cliente eficiente, nos aseguramos de que cada interacci\u00f3n se base en la fiabilidad y el profesionalismo. Creemos que el \u00e9xito en el trading se construye sobre la confianza, y trabajamos incansablemente para fomentar relaciones que vayan m\u00e1s all\u00e1 de las transacciones. Nuestro equipo de expertos est\u00e1 dedicado a brindar orientaci\u00f3n personalizada, asegurando que cada cliente se sienta acompa\u00f1ado en su camino de trading.<\/p>\r\n\t\t   <\/div>\r\n\t\t <\/div>\r\n\t\t <div class=\"col-lg-12 col-xl-6\">\r\n\t\t  <div class=\"sf-right\">\r\n\t\t    <img decoding=\"async\" class=\"img-fluid\" src=\"\/wp-content\/themes\/website-theme\/images\/S05-img.webp\" alt=\"\">\r\n\t\t  <\/div>\r\n\t\t<\/div>\r\n      <\/div>\r\n   <\/div>\r\n<\/div>\t\r\n\r\n<div class=\"section section-six\">\r\n   <div class=\"container\">\r\n       <div class=\"row align-items-center\">\r\n\t\t   <div class=\"col-xl-6\">\r\n               <div class=\"s-six-top wow fadeInLeft\">\t\t         \r\n\t\t\t\t    <h4>Empoderando a los traders a trav\u00e9s del conocimiento y la innovaci\u00f3n<\/h4>\r\n\t\t\t\t    <h2 class=\"black\">Liderando la evoluci\u00f3n del mercado Forex<\/h2>\r\n\t\t\t\t    <p>En Valero-Markets, nos impulsa una sola misi\u00f3n: empoderar a los traders con las herramientas, el conocimiento y la informaci\u00f3n necesarios para tener \u00e9xito en los din\u00e1micos mercados financieros actuales. Nuestra plataforma combina tecnolog\u00eda de vanguardia con un an\u00e1lisis de mercado profundo para ofrecer un entorno de trading donde tanto profesionales como principiantes puedan prosperar. Con un enfoque en la transparencia, la educaci\u00f3n y la innovaci\u00f3n constante, nos esforzamos por ofrecer una experiencia inigualable que establezca nuevos est\u00e1ndares en la industria del forex. Nuestro objetivo es desmitificar las complejas din\u00e1micas del mercado y brindar a los traders la confianza que necesitan para tomar decisiones informadas.<\/p>\r\n\t\t       <\/div>\r\n\t\t   <\/div>\r\n\t       <div class=\"col-xl-6 fadeInRight\">\r\n\t\t       <img decoding=\"async\" class=\"img-fluid\" src=\"\/wp-content\/themes\/website-theme\/images\/S06-img.webp\" alt=\"\">\r\n\t\t  <\/div>\r\n\t<\/div>\r\n <\/div>\r\n<\/div>\t\r\n\r\n\r\n<\/div>\r\n","protected":false},"excerpt":{"rendered":"Acerca de Valero-Markets Un Socio Confiable en la Excelencia del Comercio Global Soluciones de Comercio Innovadoras Valero-Markets ofrece un conjunto de herramientas y tecnolog\u00edas innovadoras dise\u00f1adas para mejorar la experiencia de trading. Desde an\u00e1lisis en tiempo real hasta plataformas de trading personalizables, garantizamos que los traders tengan acceso a las \u00faltimas innovaciones del mercado, ayud\u00e1ndolos &hellip;","protected":false},"author":1,"featured_media":0,"parent":0,"menu_order":0,"comment_status":"closed","ping_status":"closed","template":"fullwidth-page.php","meta":{"footnotes":""},"class_list":["post-682","page","type-page","status-publish","hentry"],"_links":{"self":[{"href":"https:\/\/valero-markets.com\/es\/wp-json\/wp\/v2\/pages\/682","targetHints":{"allow":["GET"]}}],"collection":[{"href":"https:\/\/valero-markets.com\/es\/wp-json\/wp\/v2\/pages"}],"about":[{"href":"https:\/\/valero-markets.com\/es\/wp-json\/wp\/v2\/types\/page"}],"author":[{"embeddable":true,"href":"https:\/\/valero-markets.com\/es\/wp-json\/wp\/v2\/users\/1"}],"replies":[{"embeddable":true,"href":"https:\/\/valero-markets.com\/es\/wp-json\/wp\/v2\/comments?post=682"}],"version-history":[{"count":3,"href":"https:\/\/valero-markets.com\/es\/wp-json\/wp\/v2\/pages\/682\/revisions"}],"predecessor-version":[{"id":824,"href":"https:\/\/valero-markets.com\/es\/wp-json\/wp\/v2\/pages\/682\/revisions\/824"}],"wp:attachment":[{"href":"https:\/\/valero-markets.com\/es\/wp-json\/wp\/v2\/media?parent=682"}],"curies":[{"name":"wp","href":"https:\/\/api.w.org\/{rel}","templated":true}]}}